{"id":1740,"date":"2021-02-19T11:55:23","date_gmt":"2021-02-19T16:55:23","guid":{"rendered":"https:\/\/wanjashan.com\/hogar\/"},"modified":"2022-04-08T16:35:11","modified_gmt":"2022-04-08T20:35:11","slug":"hogar","status":"publish","type":"page","link":"https:\/\/wanjashan.com\/es\/","title":{"rendered":"Hogar"},"content":{"rendered":"\n<div class=\"wp-block-columns is-layout-flex wp-container-core-columns-is-layout-9d6595d7 wp-block-columns-is-layout-flex\">\n<div class=\"wp-block-column is-layout-flow wp-block-column-is-layout-flow\">\n<section class=\"mast-head\">\n    <video autoplay=\"\" loop=\"\" class=\"mast-head__video\" muted=\"\" playsinline=\"\">\n      <source src=\"https:\/\/wanjashan.com\/wp-content\/uploads\/video\/website.vf.es.mp4\" type=\"video\/mp4\">\n      \n    <\/video>\n    <div class=\"mast-head__overlay\">\n        <div class=\"container\">\n        <h2 class=\"mast-head__heading\"><br><\/h2>\n        <\/div>\n    <\/div>\n  <!-- \/__overlay -->\n<\/section>\n<\/div>\n<\/div>\n\n\n\n<div class=\"wp-block-columns is-layout-flex wp-container-core-columns-is-layout-9d6595d7 wp-block-columns-is-layout-flex\">\n<div class=\"wp-block-column is-layout-flow wp-block-column-is-layout-flow\">\n<div class=\"wp-block-columns is-layout-flex wp-container-core-columns-is-layout-9d6595d7 wp-block-columns-is-layout-flex\">\n<div class=\"wp-block-column is-layout-flow wp-block-column-is-layout-flow\" style=\"flex-basis:100%\">\n<div class=\"middle-section flex-container\">\n    <div class=\"section-intro b-block\">\n        <div class=\"flex-ad b-size\">\n            <div class=\"intro-title hidden-h2\">\n                <h2>Sobre nosotros<\/h2>\n            <\/div>\n            <div class=\"hover-h2 b-hover\">\n                <h2>Sobre nosotros<\/h2>\n                <p>Sin atajos para perseguir la limpieza<br>Hecho a mano y elaborado en Nueva York<\/p>\n                <a href=\"https:\/\/wanjashan.com\/profile\/\">APRENDE M\u00c1S<\/a>\n            <\/div>\n            <a href=\"https:\/\/wanjashan.com\/profile\/\" class=\"ad-img\">\n                <img decoding=\"async\" src=\"https:\/\/wanjashan.com\/wp-content\/uploads\/2021\/10\/five-aboutus.jpg\" alt=\"about us\">\n            <\/a>\n        <\/div>\n    <\/div>\n    <div class=\"section-intro\">\n        <div class=\"flex-ad\">\n            <div class=\"s-size\">\n                <div class=\"intro-title hidden-h2\">\n                    <h2>Elaboraci\u00f3n de salsa de soja<\/h2>\n                <\/div>\n                <div class=\"hover-h2\">\n                    <h2>Elaboraci\u00f3n de salsa de soja<\/h2>\n                    <p>Informaci\u00f3n de la tienda minorista<\/p>\n                    <a href=\"https:\/\/wanjashan.com\/recipe\/\">APRENDE M\u00c1S<\/a>\n                <\/div>\n                <a href=\"https:\/\/wanjashan.com\/recipe\/\" class=\"ad-img\">\n                    <img decoding=\"async\" src=\"https:\/\/wanjashan.com\/wp-content\/uploads\/2021\/10\/five1-recipe.jpg\" alt=\"about us\">\n                <\/a>\n            <\/div>\n        <\/div>\n        <div class=\"flex-ad\">\n            <div class=\"s-size\">\n                <div class=\"intro-title hidden-h2\">\n                    <h2>Catering y cocina<\/h2>\n                <\/div>\n                <div class=\"hover-h2\">\n                    <h2>Catering y cocina<\/h2>\n                    <p>Un buen compa\u00f1ero del chef, el secreto de la deliciosa cocina<\/p>\n                    <a href=\"https:\/\/wanjashan.com\/product-category\/catering\/\">APRENDE M\u00c1S<\/a>\n                <\/div>\n                <a href=\"https:\/\/wanjashan.com\/product-category\/catering\/\" class=\"ad-img\">\n                    <img decoding=\"async\" src=\"https:\/\/wanjashan.com\/wp-content\/uploads\/2021\/10\/catering.jpg\" alt=\"about us\">\n                <\/a>\n            <\/div>\n        <\/div>\n    <\/div>\n    <div class=\"section-intro\">\n        <div class=\"flex-ad\">\n            <div class=\"s-size\">\n                <div class=\"intro-title hidden-h2\">\n                    <h2>Cocina casera<\/h2>\n                <\/div>\n                <div class=\"hover-h2\">\n                    <h2>Cocina casera<\/h2>\n                    <p>F\u00e1cil de cocinar en casa con salsa de soja pura elaborada<\/p>\n                    <a href=\"https:\/\/wanjashan.com\/product-category\/home-cooking\/\">APRENDE M\u00c1S<\/a>\n                <\/div>\n                <a href=\"https:\/\/wanjashan.com\/product-category\/home-cooking\/\" class=\"ad-img\">\n                    <img decoding=\"async\" src=\"https:\/\/wanjashan.com\/wp-content\/uploads\/2021\/10\/home-cooking.jpg\" alt=\"about us\">\n                <\/a>\n            <\/div>\n        <\/div>\n        <div class=\"flex-ad\">\n            <div class=\"s-size\">\n                <div class=\"intro-title hidden-h2\">\n                    <h2>Alimentos frocesados<\/h2>\n                <\/div>\n                <div class=\"hover-h2\">\n                    <h2>Alimentos frocesados<\/h2>\n                    <p>Aroma a 10.000 hogares de embutidos para barbacoa  <\/p>\n                    <a href=\"https:\/\/wanjashan.com\/product-category\/frocessed\/\">APRENDE M\u00c1S<\/a>\n                <\/div>\n                <a href=\"https:\/\/wanjashan.com\/product-category\/frocessed\/\" class=\"ad-img\">\n                    <img decoding=\"async\" src=\"https:\/\/wanjashan.com\/wp-content\/uploads\/2021\/10\/five1-bbq.jpg\" alt=\"about us\">\n                <\/a>\n            <\/div>\n        <\/div>\n    <\/div>\n<\/div>\n<\/div>\n<\/div>\n<\/div>\n<\/div>\n\n\n\n<div class=\"wp-block-columns is-layout-flex wp-container-core-columns-is-layout-9d6595d7 wp-block-columns-is-layout-flex\">\n<div class=\"wp-block-column is-layout-flow wp-block-column-is-layout-flow\">\n<div class=\"Contact-section flex-container\">\n    <div class=\"ContactTxt\">\n        <h2>Disfruta de tu comida,  <br>condimentando tu vida.<\/h2>\n        <h3>Estamos comprometidos a producir deliciosos y  \n  diversos condimentos.<\/h3>\n        <a href=\"https:\/\/wanjashan.com\">CONT\u00c1CTENOS<\/a>\n    <\/div>\n    <div class=\"ContactImg\">\n        <img decoding=\"async\" src=\"https:\/\/wanjashan.com\/wp-content\/uploads\/2021\/10\/contactus-02.jpg\" alt=\"ContactImg\">\n    <\/div>\n<\/div>\n<\/div>\n<\/div>\n\n\n\n<div class=\"wp-block-columns is-layout-flex wp-container-core-columns-is-layout-9d6595d7 wp-block-columns-is-layout-flex\">\n<div class=\"wp-block-column is-layout-flow wp-block-column-is-layout-flow\" style=\"flex-basis:33.33%\"><\/div>\n\n\n\n<div class=\"wp-block-column is-layout-flow wp-block-column-is-layout-flow\" style=\"flex-basis:66.66%\"><\/div>\n<\/div>\n\n\n\n<p><\/p>\n","protected":false},"excerpt":{"rendered":"<p>Sobre nosotros Sobre nosotros Sin atajos para perseguir la limpiezaHecho a mano y elaborado en Nueva York APRENDE M\u00c1S Elaboraci\u00f3n de salsa de soja Elaboraci\u00f3n de salsa de soja Informaci\u00f3n de la tienda minorista APRENDE M\u00c1S Catering y cocina Catering y cocina Un buen compa\u00f1ero del chef, el secreto de la deliciosa cocina APRENDE M\u00c1S&hellip;&nbsp;<a href=\"https:\/\/wanjashan.com\/es\/\" rel=\"bookmark\">Read More &raquo;<span class=\"screen-reader-text\">Hogar<\/span><\/a><\/p>\n","protected":false},"author":1,"featured_media":0,"parent":0,"menu_order":1,"comment_status":"closed","ping_status":"closed","template":"","meta":{"_coblocks_attr":"","_coblocks_dimensions":"","_coblocks_responsive_height":"","_coblocks_accordion_ie_support":"","neve_meta_sidebar":"","neve_meta_container":"","neve_meta_enable_content_width":"on","neve_meta_content_width":100,"neve_meta_title_alignment":"","neve_meta_author_avatar":"","neve_post_elements_order":"","neve_meta_disable_header":"","neve_meta_disable_footer":"","neve_meta_disable_title":"on","footnotes":""},"class_list":["post-1740","page","type-page","status-publish","hentry"],"jetpack_sharing_enabled":true,"_links":{"self":[{"href":"https:\/\/wanjashan.com\/es\/wp-json\/wp\/v2\/pages\/1740","targetHints":{"allow":["GET"]}}],"collection":[{"href":"https:\/\/wanjashan.com\/es\/wp-json\/wp\/v2\/pages"}],"about":[{"href":"https:\/\/wanjashan.com\/es\/wp-json\/wp\/v2\/types\/page"}],"author":[{"embeddable":true,"href":"https:\/\/wanjashan.com\/es\/wp-json\/wp\/v2\/users\/1"}],"replies":[{"embeddable":true,"href":"https:\/\/wanjashan.com\/es\/wp-json\/wp\/v2\/comments?post=1740"}],"version-history":[{"count":9,"href":"https:\/\/wanjashan.com\/es\/wp-json\/wp\/v2\/pages\/1740\/revisions"}],"predecessor-version":[{"id":3060,"href":"https:\/\/wanjashan.com\/es\/wp-json\/wp\/v2\/pages\/1740\/revisions\/3060"}],"wp:attachment":[{"href":"https:\/\/wanjashan.com\/es\/wp-json\/wp\/v2\/media?parent=1740"}],"curies":[{"name":"wp","href":"https:\/\/api.w.org\/{rel}","templated":true}]}}