{"id":1748,"date":"2021-02-19T11:55:23","date_gmt":"2021-02-19T16:55:23","guid":{"rendered":"https:\/\/wanjashan.com\/sobre-nosotros\/"},"modified":"2023-07-06T08:12:08","modified_gmt":"2023-07-06T12:12:08","slug":"sobre-nosotros","status":"publish","type":"page","link":"https:\/\/wanjashan.com\/es\/sobre-nosotros\/","title":{"rendered":"Sobre nosotros"},"content":{"rendered":"\n<div class=\"wp-block-columns is-layout-flex wp-container-core-columns-is-layout-9d6595d7 wp-block-columns-is-layout-flex\">\n<div class=\"wp-block-column is-layout-flow wp-block-column-is-layout-flow\"><\/div>\n\n\n\n<div class=\"wp-block-column is-layout-flow wp-block-column-is-layout-flow\"><\/div>\n<\/div>\n\n\n\n<div class=\"wp-block-columns is-layout-flex wp-container-core-columns-is-layout-9d6595d7 wp-block-columns-is-layout-flex\">\n<div class=\"wp-block-column is-layout-flow wp-block-column-is-layout-flow\"><\/div>\n\n\n\n<div class=\"wp-block-column is-layout-flow wp-block-column-is-layout-flow\"><\/div>\n<\/div>\n\n\n\n.AboutTop{\n\tbackground-image: url(&#8216;https:\/\/wanjashan.com\/wp-content\/uploads\/2022\/03\/profilebanner01.jpg&#8217;);\n}\n<div class=\"AboutTop\">\n    <div class=\"AboutTitle\">\n        <h2>HISTORIA DE WAN JA SHAN<br>DESDE 1945<\/h2>\n        <h3>fundaci\u00f3n de la cervecer\u00eda WAN JA SHAN en Taiw\u00e1n<\/h3>\n    <\/div>\n<\/div>\n<div class=\"AboutSection\">\n    <div class=\"TopTxt\">\n        <h3>AROMA TO 10,000 HOUSEHOLDS<\/h3>\n        <p>Since our creation in 1945, Wan Ja Shan Brewery Co., Ltd. has become one of the leading manufacturers of naturally brewed soy sauce in Taiwan, the United States and China with distribution to a worldwide base of retailers, restaurants and food processors.Wan Ja Shan soy sauce is the foundation for a selective line of delectable Asian Sauces. Our sauces give full meaning to the Wan Ja Shan name, which translates to \u00abAroma to 10,000 Households.\u00bb<\/p>\n    <\/div>\n    <div class=\"AboutImg\">\n            <img decoding=\"async\" src=\"https:\/\/wanjashan.com\/wp-content\/uploads\/2022\/04\/WJSUSA001.png\" alt=\"AboutImg\">\n    <\/div>\n    <div class=\"AboutTxt\">\n        <p> Our savory condiments enhance the flavor of cooked dishes and can be used as a marinade, dressing and dipping sauce. It works magic in recipes, yielding a vast array of creative menu possibilities as well as producing innovative results for many of the largest food processors and ingredient manufacturers worldwide.<\/p>\n        <p>Throughout our history, Wan Ja Shan has been carefully managed under the three important principles of Quality, Sincerity and service, which has created the foundation for success. Looking ahead, Wan Ja Shan will further commit to creating and upgrading the essence of traditional Asian sauces by introducing newer and healthier products for the increasingly sophisticated consumers worldwide.<\/p>\n        <p>More recently, to satisfy growing demands and popularity for natural foods worldwide, Wan Ja Shan has made additional investments in its facilities, allowing it to manufacturing NON-GMO, ORGANIC and GLUTEN-FREE soy sauce to accommodate the more health conscience consumers.<\/p>\n    <\/div>\n    \n    <div class=\"clearfix\"><\/div>\n        <div class=\"clearfix\"><\/div>\n\n\n<\/div>\n\n\n\n<p><\/p>\n","protected":false},"excerpt":{"rendered":"<p>.AboutTop{ background-image: url(&#8216;https:\/\/wanjashan.com\/wp-content\/uploads\/2022\/03\/profilebanner01.jpg&#8217;); } HISTORIA DE WAN JA SHANDESDE 1945 fundaci\u00f3n de la cervecer\u00eda WAN JA SHAN en Taiw\u00e1n AROMA TO 10,000 HOUSEHOLDS Since our creation in 1945, Wan Ja Shan Brewery Co., Ltd. has become one of the leading manufacturers of naturally brewed soy sauce in Taiwan, the United States and China with distribution&hellip;&nbsp;<a href=\"https:\/\/wanjashan.com\/es\/sobre-nosotros\/\" rel=\"bookmark\">Read More &raquo;<span class=\"screen-reader-text\">Sobre nosotros<\/span><\/a><\/p>\n","protected":false},"author":1,"featured_media":0,"parent":0,"menu_order":2,"comment_status":"closed","ping_status":"closed","template":"","meta":{"_coblocks_attr":"","_coblocks_dimensions":"","_coblocks_responsive_height":"","_coblocks_accordion_ie_support":"","neve_meta_sidebar":"","neve_meta_container":"","neve_meta_enable_content_width":"on","neve_meta_content_width":100,"neve_meta_title_alignment":"","neve_meta_author_avatar":"","neve_post_elements_order":"","neve_meta_disable_header":"","neve_meta_disable_footer":"","neve_meta_disable_title":"on","footnotes":""},"class_list":["post-1748","page","type-page","status-publish","hentry"],"jetpack_sharing_enabled":true,"_links":{"self":[{"href":"https:\/\/wanjashan.com\/es\/wp-json\/wp\/v2\/pages\/1748","targetHints":{"allow":["GET"]}}],"collection":[{"href":"https:\/\/wanjashan.com\/es\/wp-json\/wp\/v2\/pages"}],"about":[{"href":"https:\/\/wanjashan.com\/es\/wp-json\/wp\/v2\/types\/page"}],"author":[{"embeddable":true,"href":"https:\/\/wanjashan.com\/es\/wp-json\/wp\/v2\/users\/1"}],"replies":[{"embeddable":true,"href":"https:\/\/wanjashan.com\/es\/wp-json\/wp\/v2\/comments?post=1748"}],"version-history":[{"count":6,"href":"https:\/\/wanjashan.com\/es\/wp-json\/wp\/v2\/pages\/1748\/revisions"}],"predecessor-version":[{"id":4793,"href":"https:\/\/wanjashan.com\/es\/wp-json\/wp\/v2\/pages\/1748\/revisions\/4793"}],"wp:attachment":[{"href":"https:\/\/wanjashan.com\/es\/wp-json\/wp\/v2\/media?parent=1748"}],"curies":[{"name":"wp","href":"https:\/\/api.w.org\/{rel}","templated":true}]}}