{"id":2708,"date":"2022-03-23T02:07:14","date_gmt":"2022-03-23T06:07:14","guid":{"rendered":"https:\/\/wanjashan.com\/product\/salsa-dulce-chili\/"},"modified":"2022-04-25T15:36:08","modified_gmt":"2022-04-25T19:36:08","slug":"salsa-dulce-chili","status":"publish","type":"product","link":"https:\/\/wanjashan.com\/es\/producto\/salsa-dulce-chili\/","title":{"rendered":"Salsa Dulce Chili"},"content":{"rendered":"","protected":false},"excerpt":{"rendered":"<div class=\"short-description\">\n<h2>Ingredientes<\/h2>\n<p>Agua, Az\u00facar, Sal, No Ogm Soja, Maicena, Vinagre de Arroz, Chile, Extracto de Levadura, Sorbato de Potasio.<\/p>\n<h2>Al\u00e9rgenos<\/h2>\n<p>soja<\/p>\n<h2>Tama\u00f1o disponible<\/h2>\n<p>10 fl oz(300ml)<\/p>\n<div class=\"pop-button\">\n<div class=\"Hint\">haga clic para mostrar los datos nutricionales completos<\/div>\n[sg_popup id=\"2172\" event=\"click\"]Datos Nutricionales[\/sg_popup]<\/div>\n<p class=\"alert-info\">Consulte la etiqueta del producto. para obtener la informaci\u00f3n m\u00e1s precisa sobre al\u00e9rgenos, nutrici\u00f3n e ingredientes.<\/p>\n<\/div>\n","protected":false},"featured_media":2168,"template":"","meta":{"_coblocks_attr":"","_coblocks_dimensions":"","_coblocks_responsive_height":"","_coblocks_accordion_ie_support":"","neve_meta_sidebar":"","neve_meta_container":"","neve_meta_enable_content_width":"off","neve_meta_content_width":100,"neve_meta_title_alignment":"","neve_meta_author_avatar":"","neve_post_elements_order":"","neve_meta_disable_header":"","neve_meta_disable_footer":"","neve_meta_disable_title":""},"product_brand":[],"product_cat":[67],"product_tag":[76,86,74],"class_list":{"0":"post-2708","1":"product","2":"type-product","3":"status-publish","4":"has-post-thumbnail","6":"product_cat-home-cooking-es","7":"product_tag-condimento","8":"product_tag-sin-ogm","9":"product_tag-vegano","11":"first","12":"instock","13":"shipping-taxable","14":"product-type-simple"},"_links":{"self":[{"href":"https:\/\/wanjashan.com\/es\/wp-json\/wp\/v2\/product\/2708","targetHints":{"allow":["GET"]}}],"collection":[{"href":"https:\/\/wanjashan.com\/es\/wp-json\/wp\/v2\/product"}],"about":[{"href":"https:\/\/wanjashan.com\/es\/wp-json\/wp\/v2\/types\/product"}],"wp:featuredmedia":[{"embeddable":true,"href":"https:\/\/wanjashan.com\/es\/wp-json\/wp\/v2\/media\/2168"}],"wp:attachment":[{"href":"https:\/\/wanjashan.com\/es\/wp-json\/wp\/v2\/media?parent=2708"}],"wp:term":[{"taxonomy":"product_brand","embeddable":true,"href":"https:\/\/wanjashan.com\/es\/wp-json\/wp\/v2\/product_brand?post=2708"},{"taxonomy":"product_cat","embeddable":true,"href":"https:\/\/wanjashan.com\/es\/wp-json\/wp\/v2\/product_cat?post=2708"},{"taxonomy":"product_tag","embeddable":true,"href":"https:\/\/wanjashan.com\/es\/wp-json\/wp\/v2\/product_tag?post=2708"}],"curies":[{"name":"wp","href":"https:\/\/api.w.org\/{rel}","templated":true}]}}