{"id":2745,"date":"2022-03-23T04:34:02","date_gmt":"2022-03-23T08:34:02","guid":{"rendered":"https:\/\/wanjashan.com\/product\/salsa-de-soja-anejada-organica\/"},"modified":"2022-04-25T15:06:28","modified_gmt":"2022-04-25T19:06:28","slug":"salsa-de-soja-premium-organica","status":"publish","type":"product","link":"https:\/\/wanjashan.com\/es\/producto\/salsa-de-soja-premium-organica\/","title":{"rendered":"Salsa de Soja Premium Org\u00e1nica"},"content":{"rendered":"","protected":false},"excerpt":{"rendered":"<div class=\"short-description\">\n<h2>Ingredientes<\/h2>\n<p>Agua, Soja Ecol\u00f3gica, Trigo Ecol\u00f3gica, Sal y Az\u00facar Org\u00e1nico.<\/p>\n<h2>Al\u00e9rgenos<\/h2>\n<p>Soja, Trigo<\/p>\n<h2>Tama\u00f1o disponible<\/h2>\n<p>6,7 onzas l\u00edquidas (200 ml), 15 onzas l\u00edquidas (450 ml), 33,8 onzas l\u00edquidas (1000 ml), 5 galones (18 l), 55 galones (208 l)<\/p>\n<div class=\"pop-button\">\n<div class=\"Hint\">haga clic para mostrar los datos nutricionales completos<\/div>\n[sg_popup id=\"2234\" event=\"click\"]Datos Nutricionales[\/sg_popup]<\/div>\n<p class=\"alert-info\">Consulte la etiqueta del producto. para obtener la informaci\u00f3n m\u00e1s precisa sobre al\u00e9rgenos, nutrici\u00f3n e ingredientes.<\/p>\n<\/div>\n","protected":false},"featured_media":2242,"template":"","meta":{"_coblocks_attr":"","_coblocks_dimensions":"","_coblocks_responsive_height":"","_coblocks_accordion_ie_support":"","neve_meta_sidebar":"","neve_meta_container":"","neve_meta_enable_content_width":"off","neve_meta_content_width":100,"neve_meta_title_alignment":"","neve_meta_author_avatar":"","neve_post_elements_order":"","neve_meta_disable_header":"","neve_meta_disable_footer":"","neve_meta_disable_title":""},"product_brand":[],"product_cat":[67],"product_tag":[71,89,92,86,74],"class_list":{"0":"post-2745","1":"product","2":"type-product","3":"status-publish","4":"has-post-thumbnail","6":"product_cat-home-cooking-es","7":"product_tag-kasher-es","8":"product_tag-organico","9":"product_tag-salsa-de-soya","10":"product_tag-sin-ogm","11":"product_tag-vegano","13":"first","14":"instock","15":"shipping-taxable","16":"product-type-simple"},"jetpack_sharing_enabled":true,"_links":{"self":[{"href":"https:\/\/wanjashan.com\/es\/wp-json\/wp\/v2\/product\/2745","targetHints":{"allow":["GET"]}}],"collection":[{"href":"https:\/\/wanjashan.com\/es\/wp-json\/wp\/v2\/product"}],"about":[{"href":"https:\/\/wanjashan.com\/es\/wp-json\/wp\/v2\/types\/product"}],"wp:featuredmedia":[{"embeddable":true,"href":"https:\/\/wanjashan.com\/es\/wp-json\/wp\/v2\/media\/2242"}],"wp:attachment":[{"href":"https:\/\/wanjashan.com\/es\/wp-json\/wp\/v2\/media?parent=2745"}],"wp:term":[{"taxonomy":"product_brand","embeddable":true,"href":"https:\/\/wanjashan.com\/es\/wp-json\/wp\/v2\/product_brand?post=2745"},{"taxonomy":"product_cat","embeddable":true,"href":"https:\/\/wanjashan.com\/es\/wp-json\/wp\/v2\/product_cat?post=2745"},{"taxonomy":"product_tag","embeddable":true,"href":"https:\/\/wanjashan.com\/es\/wp-json\/wp\/v2\/product_tag?post=2745"}],"curies":[{"name":"wp","href":"https:\/\/api.w.org\/{rel}","templated":true}]}}