{"id":2755,"date":"2022-03-23T22:08:26","date_gmt":"2022-03-24T02:08:26","guid":{"rendered":"https:\/\/wanjashan.com\/product\/salsa-de-soya-organica-menos-sodio\/"},"modified":"2022-04-25T14:16:05","modified_gmt":"2022-04-25T18:16:05","slug":"salsa-de-soya-organica-menos-sodio","status":"publish","type":"product","link":"https:\/\/wanjashan.com\/es\/producto\/salsa-de-soya-organica-menos-sodio\/","title":{"rendered":"Salsa de Soya Org\u00e1nica Menos Sodio"},"content":{"rendered":"","protected":false},"excerpt":{"rendered":"<div class=\"short-description\">\n<h2>Ingredientes<\/h2>\n<p>Agua, Soja Ecol\u00f3gica, Trigo Ecol\u00f3gica, Sal, Vinagre Org\u00e1nico y Alcohol Org\u00e1nico.<\/p>\n<h2>Al\u00e9rgenos<\/h2>\n<p>Soja, Trigo<\/p>\n<h2>Tama\u00f1o disponible<\/h2>\n<p>10 fl oz (300 ml), 5 galones (18 l), 55 galones (208 l)<\/p>\n<div class=\"pop-button\">\n<div class=\"Hint\">haga clic para mostrar los datos nutricionales completos<\/div>\n[sg_popup id=\"2297\" event=\"click\"]Datos Nutricionales[\/sg_popup]<\/div>\n<p class=\"alert-info\">Consulte la etiqueta del producto. para obtener la informaci\u00f3n m\u00e1s precisa sobre al\u00e9rgenos, nutrici\u00f3n e ingredientes.<\/p>\n<\/div>\n","protected":false},"featured_media":2305,"template":"","meta":{"_coblocks_attr":"","_coblocks_dimensions":"","_coblocks_responsive_height":"","_coblocks_accordion_ie_support":"","neve_meta_sidebar":"","neve_meta_container":"","neve_meta_enable_content_width":"off","neve_meta_content_width":100,"neve_meta_title_alignment":"","neve_meta_author_avatar":"","neve_post_elements_order":"","neve_meta_disable_header":"","neve_meta_disable_footer":"","neve_meta_disable_title":""},"product_brand":[],"product_cat":[67,66],"product_tag":[76,71,83,89,92,86,74],"class_list":{"0":"post-2755","1":"product","2":"type-product","3":"status-publish","4":"has-post-thumbnail","6":"product_cat-home-cooking-es","7":"product_cat-industry-alimentaria","8":"product_tag-condimento","9":"product_tag-kasher-es","10":"product_tag-menos-sodio","11":"product_tag-organico","12":"product_tag-salsa-de-soya","13":"product_tag-sin-ogm","14":"product_tag-vegano","16":"first","17":"instock","18":"shipping-taxable","19":"product-type-simple"},"_links":{"self":[{"href":"https:\/\/wanjashan.com\/es\/wp-json\/wp\/v2\/product\/2755","targetHints":{"allow":["GET"]}}],"collection":[{"href":"https:\/\/wanjashan.com\/es\/wp-json\/wp\/v2\/product"}],"about":[{"href":"https:\/\/wanjashan.com\/es\/wp-json\/wp\/v2\/types\/product"}],"wp:featuredmedia":[{"embeddable":true,"href":"https:\/\/wanjashan.com\/es\/wp-json\/wp\/v2\/media\/2305"}],"wp:attachment":[{"href":"https:\/\/wanjashan.com\/es\/wp-json\/wp\/v2\/media?parent=2755"}],"wp:term":[{"taxonomy":"product_brand","embeddable":true,"href":"https:\/\/wanjashan.com\/es\/wp-json\/wp\/v2\/product_brand?post=2755"},{"taxonomy":"product_cat","embeddable":true,"href":"https:\/\/wanjashan.com\/es\/wp-json\/wp\/v2\/product_cat?post=2755"},{"taxonomy":"product_tag","embeddable":true,"href":"https:\/\/wanjashan.com\/es\/wp-json\/wp\/v2\/product_tag?post=2755"}],"curies":[{"name":"wp","href":"https:\/\/api.w.org\/{rel}","templated":true}]}}