{"id":2757,"date":"2022-03-23T06:00:24","date_gmt":"2022-03-23T10:00:24","guid":{"rendered":"https:\/\/wanjashan.com\/product\/salsa-worcestershire-picante-organica\/"},"modified":"2022-04-25T14:19:43","modified_gmt":"2022-04-25T18:19:43","slug":"salsa-worcestershire-picante-organica","status":"publish","type":"product","link":"https:\/\/wanjashan.com\/es\/producto\/salsa-worcestershire-picante-organica\/","title":{"rendered":"Salsa Worcestershire Picante Org\u00e1nica"},"content":{"rendered":"","protected":false},"excerpt":{"rendered":"<div class=\"short-description\">\n<h2>Ingredientes<\/h2>\n<p>Vinagre Org\u00e1nico, Salsa de Soja Org\u00e1nica Sin Gluten (Agua, Soja ecol\u00f3gica, y Sal), Jugo de Ca\u00f1a Org\u00e1nico Evaporado, Sal, Especias Org\u00e1nicas, y Polvo de Cayena Org\u00e1nica.<\/p>\n<h2>Al\u00e9rgenos<\/h2>\n<p>Soja<\/p>\n<h2>Tama\u00f1o disponible<\/h2>\n<p>10 onzas l\u00edquidas (300 ml)<\/p>\n<div class=\"pop-button\">\n<div class=\"Hint\">haga clic para mostrar los datos nutricionales completos<\/div>\n[sg_popup id=\"2282\" event=\"click\"]Datos Nutricionales[\/sg_popup]<\/div>\n<p class=\"alert-info\">Consulte la etiqueta del producto. para obtener la informaci\u00f3n m\u00e1s precisa sobre al\u00e9rgenos, nutrici\u00f3n e ingredientes.<\/p>\n<\/div>\n","protected":false},"featured_media":2328,"template":"","meta":{"_coblocks_attr":"","_coblocks_dimensions":"","_coblocks_responsive_height":"","_coblocks_accordion_ie_support":"","neve_meta_sidebar":"","neve_meta_container":"","neve_meta_enable_content_width":"off","neve_meta_content_width":100,"neve_meta_title_alignment":"","neve_meta_author_avatar":"","neve_post_elements_order":"","neve_meta_disable_header":"","neve_meta_disable_footer":"","neve_meta_disable_title":""},"product_brand":[],"product_cat":[67,66,62],"product_tag":[76,71,89,86,74],"class_list":{"0":"post-2757","1":"product","2":"type-product","3":"status-publish","4":"has-post-thumbnail","6":"product_cat-home-cooking-es","7":"product_cat-industry-alimentaria","8":"product_cat-servicio-de-alimento","9":"product_tag-condimento","10":"product_tag-kasher-es","11":"product_tag-organico","12":"product_tag-sin-ogm","13":"product_tag-vegano","15":"first","16":"instock","17":"shipping-taxable","18":"product-type-simple"},"jetpack_sharing_enabled":true,"_links":{"self":[{"href":"https:\/\/wanjashan.com\/es\/wp-json\/wp\/v2\/product\/2757","targetHints":{"allow":["GET"]}}],"collection":[{"href":"https:\/\/wanjashan.com\/es\/wp-json\/wp\/v2\/product"}],"about":[{"href":"https:\/\/wanjashan.com\/es\/wp-json\/wp\/v2\/types\/product"}],"wp:featuredmedia":[{"embeddable":true,"href":"https:\/\/wanjashan.com\/es\/wp-json\/wp\/v2\/media\/2328"}],"wp:attachment":[{"href":"https:\/\/wanjashan.com\/es\/wp-json\/wp\/v2\/media?parent=2757"}],"wp:term":[{"taxonomy":"product_brand","embeddable":true,"href":"https:\/\/wanjashan.com\/es\/wp-json\/wp\/v2\/product_brand?post=2757"},{"taxonomy":"product_cat","embeddable":true,"href":"https:\/\/wanjashan.com\/es\/wp-json\/wp\/v2\/product_cat?post=2757"},{"taxonomy":"product_tag","embeddable":true,"href":"https:\/\/wanjashan.com\/es\/wp-json\/wp\/v2\/product_tag?post=2757"}],"curies":[{"name":"wp","href":"https:\/\/api.w.org\/{rel}","templated":true}]}}