{"id":2761,"date":"2022-03-23T23:12:06","date_gmt":"2022-03-24T03:12:06","guid":{"rendered":"https:\/\/wanjashan.com\/product\/salsa-salteado-de-shiitake-organica\/"},"modified":"2022-04-20T16:29:29","modified_gmt":"2022-04-20T20:29:29","slug":"salsa-stir-frying-organica","status":"publish","type":"product","link":"https:\/\/wanjashan.com\/es\/producto\/salsa-stir-frying-organica\/","title":{"rendered":"Salsa Stir Frying Org\u00e1nica"},"content":{"rendered":"","protected":false},"excerpt":{"rendered":"<div class=\"short-description\">\n<h2>Ingredientes<\/h2>\n<p>Salsa de Soja Org\u00e1nica Sin Gluten (Agua, Soja ecol\u00f3gica, Sal, Alcohol org\u00e1nico), Az\u00facar org\u00e1nico, Maicena org\u00e1nica, Goma guar org\u00e1nica, Hongos org\u00e1nicos en polvo.<\/p>\n<h2>Al\u00e9rgenos<\/h2>\n<p>Soja<\/p>\n<h2>Tama\u00f1o disponible<\/h2>\n<p>10 onzas l\u00edquidas (300 ml)<\/p>\n<div class=\"pop-button\">\n<div class=\"Hint\">haga clic para mostrar los datos nutricionales completos<\/div>\n[sg_popup id=\"2342\" event=\"click\"]Datos Nutricionales[\/sg_popup]<\/div>\n<p class=\"alert-info\">Consulte la etiqueta del producto. para obtener la informaci\u00f3n m\u00e1s precisa sobre al\u00e9rgenos, nutrici\u00f3n e ingredientes.<\/p>\n<\/div>\n","protected":false},"featured_media":2351,"template":"","meta":{"_coblocks_attr":"","_coblocks_dimensions":"","_coblocks_responsive_height":"","_coblocks_accordion_ie_support":"","neve_meta_sidebar":"","neve_meta_container":"","neve_meta_enable_content_width":"off","neve_meta_content_width":100,"neve_meta_title_alignment":"","neve_meta_author_avatar":"","neve_post_elements_order":"","neve_meta_disable_header":"","neve_meta_disable_footer":"","neve_meta_disable_title":""},"product_brand":[],"product_cat":[67],"product_tag":[76,71,89,80,86,74],"class_list":{"0":"post-2761","1":"product","2":"type-product","3":"status-publish","4":"has-post-thumbnail","6":"product_cat-home-cooking-es","7":"product_tag-condimento","8":"product_tag-kasher-es","9":"product_tag-organico","10":"product_tag-sin-gluten","11":"product_tag-sin-ogm","12":"product_tag-vegano","14":"first","15":"instock","16":"shipping-taxable","17":"product-type-simple"},"_links":{"self":[{"href":"https:\/\/wanjashan.com\/es\/wp-json\/wp\/v2\/product\/2761","targetHints":{"allow":["GET"]}}],"collection":[{"href":"https:\/\/wanjashan.com\/es\/wp-json\/wp\/v2\/product"}],"about":[{"href":"https:\/\/wanjashan.com\/es\/wp-json\/wp\/v2\/types\/product"}],"wp:featuredmedia":[{"embeddable":true,"href":"https:\/\/wanjashan.com\/es\/wp-json\/wp\/v2\/media\/2351"}],"wp:attachment":[{"href":"https:\/\/wanjashan.com\/es\/wp-json\/wp\/v2\/media?parent=2761"}],"wp:term":[{"taxonomy":"product_brand","embeddable":true,"href":"https:\/\/wanjashan.com\/es\/wp-json\/wp\/v2\/product_brand?post=2761"},{"taxonomy":"product_cat","embeddable":true,"href":"https:\/\/wanjashan.com\/es\/wp-json\/wp\/v2\/product_cat?post=2761"},{"taxonomy":"product_tag","embeddable":true,"href":"https:\/\/wanjashan.com\/es\/wp-json\/wp\/v2\/product_tag?post=2761"}],"curies":[{"name":"wp","href":"https:\/\/api.w.org\/{rel}","templated":true}]}}