{"id":2781,"date":"2022-03-24T02:16:23","date_gmt":"2022-03-24T06:16:23","guid":{"rendered":"https:\/\/wanjashan.com\/product\/tamari-organico-sin-gluten\/"},"modified":"2022-04-20T16:11:32","modified_gmt":"2022-04-20T20:11:32","slug":"salsa-de-soja-tamari-organica-sin-gluten","status":"publish","type":"product","link":"https:\/\/wanjashan.com\/es\/producto\/salsa-de-soja-tamari-organica-sin-gluten\/","title":{"rendered":"Salsa de Soja Tamari Org\u00e1nica Sin Gluten"},"content":{"rendered":"","protected":false},"excerpt":{"rendered":"<div class=\"short-description\">\n<h2>Ingredientes<\/h2>\n<p>Agua, Soja ecol\u00f3gica, Sal, Az\u00facar de Ca\u00f1a Org\u00e1nica y Alcohol Org\u00e1nico (para mantener la calidad).<\/p>\n<h2>Al\u00e9rgenos<\/h2>\n<p>Soja<\/p>\n<h2>Tama\u00f1o disponible<\/h2>\n<p>200 ml (6,7 onzas l\u00edquidas), 300 ml (10 onzas l\u00edquidas), 450 ml (15 onzas l\u00edquidas), 3,7 l (1 gal\u00f3n), 18 l (5 galones), 208 l (55 galones)<\/p>\n<div class=\"pop-button\">\n<div class=\"Hint\">haga clic para mostrar los datos nutricionales completos<\/div>\n[sg_popup id=\"2397\" event=\"click\"]Datos Nutricionales[\/sg_popup]<\/div>\n<p class=\"alert-info\">Consulte la etiqueta del producto. para obtener la informaci\u00f3n m\u00e1s precisa sobre al\u00e9rgenos, nutrici\u00f3n e ingredientes.<\/p>\n<\/div>\n","protected":false},"featured_media":2406,"template":"","meta":{"_coblocks_attr":"","_coblocks_dimensions":"","_coblocks_responsive_height":"","_coblocks_accordion_ie_support":"","neve_meta_sidebar":"","neve_meta_container":"","neve_meta_enable_content_width":"off","neve_meta_content_width":100,"neve_meta_title_alignment":"","neve_meta_author_avatar":"","neve_post_elements_order":"","neve_meta_disable_header":"","neve_meta_disable_footer":"","neve_meta_disable_title":""},"product_brand":[],"product_cat":[67,66,62],"product_tag":[71,89,92,80,86,74],"class_list":{"0":"post-2781","1":"product","2":"type-product","3":"status-publish","4":"has-post-thumbnail","6":"product_cat-home-cooking-es","7":"product_cat-industry-alimentaria","8":"product_cat-servicio-de-alimento","9":"product_tag-kasher-es","10":"product_tag-organico","11":"product_tag-salsa-de-soya","12":"product_tag-sin-gluten","13":"product_tag-sin-ogm","14":"product_tag-vegano","16":"first","17":"instock","18":"shipping-taxable","19":"product-type-simple"},"jetpack_sharing_enabled":true,"_links":{"self":[{"href":"https:\/\/wanjashan.com\/es\/wp-json\/wp\/v2\/product\/2781","targetHints":{"allow":["GET"]}}],"collection":[{"href":"https:\/\/wanjashan.com\/es\/wp-json\/wp\/v2\/product"}],"about":[{"href":"https:\/\/wanjashan.com\/es\/wp-json\/wp\/v2\/types\/product"}],"wp:featuredmedia":[{"embeddable":true,"href":"https:\/\/wanjashan.com\/es\/wp-json\/wp\/v2\/media\/2406"}],"wp:attachment":[{"href":"https:\/\/wanjashan.com\/es\/wp-json\/wp\/v2\/media?parent=2781"}],"wp:term":[{"taxonomy":"product_brand","embeddable":true,"href":"https:\/\/wanjashan.com\/es\/wp-json\/wp\/v2\/product_brand?post=2781"},{"taxonomy":"product_cat","embeddable":true,"href":"https:\/\/wanjashan.com\/es\/wp-json\/wp\/v2\/product_cat?post=2781"},{"taxonomy":"product_tag","embeddable":true,"href":"https:\/\/wanjashan.com\/es\/wp-json\/wp\/v2\/product_tag?post=2781"}],"curies":[{"name":"wp","href":"https:\/\/api.w.org\/{rel}","templated":true}]}}