{"id":2788,"date":"2022-03-24T02:58:29","date_gmt":"2022-03-24T06:58:29","guid":{"rendered":"https:\/\/wanjashan.com\/product\/salsa-worcestershire-organica\/"},"modified":"2023-04-12T12:31:32","modified_gmt":"2023-04-12T16:31:32","slug":"salsa-worcestershire-organica","status":"publish","type":"product","link":"https:\/\/wanjashan.com\/es\/producto\/salsa-worcestershire-organica\/","title":{"rendered":"Salsa Worcestershire Org\u00e1nica"},"content":{"rendered":"","protected":false},"excerpt":{"rendered":"<div class=\"short-description\">\n<h2>Descripci\u00f3n del producto<\/h2>\n<p>\u00bfEst\u00e1s buscando una salsa Worcestershire sin gluten, org\u00e1nica y vegana para mejorar tus platos? \u00a1No busques m\u00e1s all\u00e1 de nuestra salsa Worcestershire! Hecha con ingredientes naturales y no modificados gen\u00e9ticamente, nuestra salsa tiene un perfil de sabor complejo que es perfecto para marinar, asar a la parrilla o agregar a sopas y guisos. Ya sea que seas un amante de la comida consciente de la salud o simplemente busques un condimento delicioso y vers\u00e1til, nuestra salsa Worcestershire sin gluten, org\u00e1nica y vegana es la adici\u00f3n perfecta para tu cocina.<\/p>\n<h2>Ingredientes<\/h2>\n<p>Agua, Vinagre org\u00e1nico, Salsa de Soja Org\u00e1nica Sin Gluten (Agua, Soja ecol\u00f3gica, y Sal), Az\u00facar org\u00e1nico, Sal, Ajo org\u00e1nico en polvo, Cebolla org\u00e1nica en polvo, y Especias org\u00e1nicas.<\/p>\n<h2>Al\u00e9rgenos<\/h2>\n<p>Soja<\/p>\n<h2>Tama\u00f1o disponible<\/h2>\n<p>10 fl oz (300 ml), 15 fl oz (450 ml), 1 gal\u00f3n (3,7 l), 5 galones (18 l), 55 galones (208 l)<\/p>\n<div class=\"pop-button\">\n<div class=\"Hint\">haga clic para mostrar los datos nutricionales completos<\/div>\n[sg_popup id=\"2441\" event=\"click\"]Datos Nutricionales[\/sg_popup]<\/div>\n<p class=\"alert-info\">Consulte la etiqueta del producto. para obtener la informaci\u00f3n m\u00e1s precisa sobre al\u00e9rgenos, nutrici\u00f3n e ingredientes.<\/p>\n<\/div>\n","protected":false},"featured_media":2449,"template":"","meta":{"_coblocks_attr":"","_coblocks_dimensions":"","_coblocks_responsive_height":"","_coblocks_accordion_ie_support":"","neve_meta_sidebar":"","neve_meta_container":"","neve_meta_enable_content_width":"off","neve_meta_content_width":100,"neve_meta_title_alignment":"","neve_meta_author_avatar":"","neve_post_elements_order":"","neve_meta_disable_header":"","neve_meta_disable_footer":"","neve_meta_disable_title":""},"product_brand":[],"product_cat":[67,66,62],"product_tag":[76,71,89,80,86,74],"class_list":{"0":"post-2788","1":"product","2":"type-product","3":"status-publish","4":"has-post-thumbnail","6":"product_cat-home-cooking-es","7":"product_cat-industry-alimentaria","8":"product_cat-servicio-de-alimento","9":"product_tag-condimento","10":"product_tag-kasher-es","11":"product_tag-organico","12":"product_tag-sin-gluten","13":"product_tag-sin-ogm","14":"product_tag-vegano","16":"first","17":"instock","18":"shipping-taxable","19":"product-type-simple"},"_links":{"self":[{"href":"https:\/\/wanjashan.com\/es\/wp-json\/wp\/v2\/product\/2788","targetHints":{"allow":["GET"]}}],"collection":[{"href":"https:\/\/wanjashan.com\/es\/wp-json\/wp\/v2\/product"}],"about":[{"href":"https:\/\/wanjashan.com\/es\/wp-json\/wp\/v2\/types\/product"}],"wp:featuredmedia":[{"embeddable":true,"href":"https:\/\/wanjashan.com\/es\/wp-json\/wp\/v2\/media\/2449"}],"wp:attachment":[{"href":"https:\/\/wanjashan.com\/es\/wp-json\/wp\/v2\/media?parent=2788"}],"wp:term":[{"taxonomy":"product_brand","embeddable":true,"href":"https:\/\/wanjashan.com\/es\/wp-json\/wp\/v2\/product_brand?post=2788"},{"taxonomy":"product_cat","embeddable":true,"href":"https:\/\/wanjashan.com\/es\/wp-json\/wp\/v2\/product_cat?post=2788"},{"taxonomy":"product_tag","embeddable":true,"href":"https:\/\/wanjashan.com\/es\/wp-json\/wp\/v2\/product_tag?post=2788"}],"curies":[{"name":"wp","href":"https:\/\/api.w.org\/{rel}","templated":true}]}}