{"id":5022,"date":"2024-01-04T09:06:09","date_gmt":"2024-01-04T14:06:09","guid":{"rendered":"https:\/\/wanjashan.com\/product\/salsa-de-soja-a-granel\/"},"modified":"2024-01-19T13:06:47","modified_gmt":"2024-01-19T18:06:47","slug":"salsa-de-soja-a-granel","status":"publish","type":"product","link":"https:\/\/wanjashan.com\/es\/producto\/salsa-de-soja-a-granel\/","title":{"rendered":"Salsa de soja"},"content":{"rendered":"","protected":false},"excerpt":{"rendered":"<div class=\"short-description\">\n<p>Para el chef exigente y el elaborador de alimentos meticuloso, el sabor importa. Presentamos WANJASHAN, la salsa de soja premium elaborada de forma natural, elaborada con m\u00e9todos tradicionales y excepcionales soja y trigo de origen estadounidense.<\/p>\n<p>M\u00e1s que un condimento, WANJASHAN es la piedra angular del sabor y ofrece:<\/p>\n<ul>\n<li>Profundidad de Umami incomparable: Fermentado naturalmente durante meses, WANJASHAN desbloquea la profunda complejidad del umami, agregando riqueza y sabores a sus salsas, adobos y platos terminados.<\/li>\n<li>Equilibrio delicado: experimente una interacci\u00f3n matizada de dulzura sutil y sabores fuertes que realza, no enmascara, los sabores naturales de sus ingredientes.<\/li>\n<li>Innovaci\u00f3n vers\u00e1til: d\u00e9 rienda suelta a su creatividad en una amplia gama de aplicaciones. WANJASHAN brilla en salsas BBQ, salsas especiales, comidas congeladas, comidas listas para comer y como base para bases para cocinar a fuego lento, adobos, glaseados y toques finales.<\/li>\n<\/ul>\n<h2>Ingredientes<\/h2>\n<p>Agua, Soja, Trigo, Sal y Benzoato de Sodio.<\/p>\n<h2>Al\u00e9rgenos<\/h2>\n<p>Soja\uff0cTrigo<\/p>\n<h2>Tama\u00f1o disponible<\/h2>\n<p>5 galones (18,9 l)\u300155 galones (208 l)<\/p>\n<div class=\"pop-button\">\n<p>Para obtener la informaci\u00f3n m\u00e1s precisa sobre al\u00e9rgenos, nutrici\u00f3n, ingredientes y otra informaci\u00f3n sobre productos, env\u00ede su solicitud.<\/p>\n<\/div>\n<\/div>\n","protected":false},"featured_media":5011,"template":"","meta":{"_coblocks_attr":"","_coblocks_dimensions":"","_coblocks_responsive_height":"","_coblocks_accordion_ie_support":"","neve_meta_sidebar":"","neve_meta_container":"","neve_meta_enable_content_width":"off","neve_meta_content_width":70,"neve_meta_title_alignment":"","neve_meta_author_avatar":"","neve_post_elements_order":"","neve_meta_disable_header":"","neve_meta_disable_footer":"","neve_meta_disable_title":""},"product_brand":[],"product_cat":[66],"product_tag":[71,92,74],"class_list":{"0":"post-5022","1":"product","2":"type-product","3":"status-publish","4":"has-post-thumbnail","6":"product_cat-industry-alimentaria","7":"product_tag-kasher-es","8":"product_tag-salsa-de-soya","9":"product_tag-vegano","11":"first","12":"instock","13":"virtual","14":"product-type-simple"},"jetpack_sharing_enabled":true,"_links":{"self":[{"href":"https:\/\/wanjashan.com\/es\/wp-json\/wp\/v2\/product\/5022","targetHints":{"allow":["GET"]}}],"collection":[{"href":"https:\/\/wanjashan.com\/es\/wp-json\/wp\/v2\/product"}],"about":[{"href":"https:\/\/wanjashan.com\/es\/wp-json\/wp\/v2\/types\/product"}],"wp:featuredmedia":[{"embeddable":true,"href":"https:\/\/wanjashan.com\/es\/wp-json\/wp\/v2\/media\/5011"}],"wp:attachment":[{"href":"https:\/\/wanjashan.com\/es\/wp-json\/wp\/v2\/media?parent=5022"}],"wp:term":[{"taxonomy":"product_brand","embeddable":true,"href":"https:\/\/wanjashan.com\/es\/wp-json\/wp\/v2\/product_brand?post=5022"},{"taxonomy":"product_cat","embeddable":true,"href":"https:\/\/wanjashan.com\/es\/wp-json\/wp\/v2\/product_cat?post=5022"},{"taxonomy":"product_tag","embeddable":true,"href":"https:\/\/wanjashan.com\/es\/wp-json\/wp\/v2\/product_tag?post=5022"}],"curies":[{"name":"wp","href":"https:\/\/api.w.org\/{rel}","templated":true}]}}