{"id":5029,"date":"2024-01-04T11:40:13","date_gmt":"2024-01-04T16:40:13","guid":{"rendered":"https:\/\/wanjashan.com\/product\/salsa-de-soja-2\/"},"modified":"2024-01-19T12:54:22","modified_gmt":"2024-01-19T17:54:22","slug":"salsa-de-soja-2","status":"publish","type":"product","link":"https:\/\/wanjashan.com\/es\/producto\/salsa-de-soja-2\/","title":{"rendered":"Salsa de soja"},"content":{"rendered":"","protected":false},"excerpt":{"rendered":"<div class=\"short-description\">\n<p>Eleve su lienzo culinario: WANJASHAN: el socio Umami esencial del chef<br \/>\nWANJASHAN no es simplemente una salsa de soja; es la base de la excelencia culinaria. Elaborado con soja y trigo de primera calidad de EE. UU. utilizando m\u00e9todos de fermentaci\u00f3n tradicionales, WANJASHAN ofrece una calidad inigualable y un sabor excepcional.<\/p>\n<p>Profundidad profunda: meses de fermentaci\u00f3n natural desbloquean el rico espectro de umami, agregando profundidad y sabores incomparables a sus salsas, adobos y platos exclusivos.<br \/>\nComplejidad matizada: Experimente un delicado equilibrio entre dulzura y salado, realzando los sabores inherentes de sus ingredientes sin dominarlos.<br \/>\nConsistencia entre lotes: conf\u00ede en una consistencia inquebrantable para garantizar que sus creaciones culinarias ofrezcan el mismo sabor y aroma exquisitos en todo momento.<br \/>\nInnovaci\u00f3n culinaria: explore un espectro ilimitado de aplicaciones y agregue un toque sabroso en todas las cocinas y t\u00e9cnicas de cocina.<br \/>\nEficiencia operativa: maximice su presupuesto y recursos con la notable versatilidad de WANJASHAN. Una botella abre una multitud de posibilidades culinarias, agilizando las operaciones de su cocina.<\/p>\n<h2>Ingredientes<\/h2>\n<p>Agua, Soja, Trigo, Sal y Benzoato de Sodio.<\/p>\n<h2>Al\u00e9rgenos<\/h2>\n<p>Soja\uff0cTrigo<\/p>\n<h2>Tama\u00f1o disponible<\/h2>\n<p>1 gal\u00f3n (3,7 l)\u30015 gal\u00f3n (18 l)<\/p>\n<div class=\"pop-button\">\n<div class=\"Hint\">haga clic para mostrar los datos nutricionales completos<\/div>\n[sg_popup id=\"2543\" event=\"click\"]Datos Nutricionales[\/sg_popup]\n<\/div>\n<p class=\"alert-info\">Consulte la etiqueta del producto. para obtener la informaci\u00f3n m\u00e1s precisa sobre al\u00e9rgenos, nutrici\u00f3n e ingredientes.<\/p>\n<\/div>\n","protected":false},"featured_media":2563,"template":"","meta":{"_coblocks_attr":"","_coblocks_dimensions":"","_coblocks_responsive_height":"","_coblocks_accordion_ie_support":"","neve_meta_sidebar":"","neve_meta_container":"","neve_meta_enable_content_width":"off","neve_meta_content_width":100,"neve_meta_title_alignment":"","neve_meta_author_avatar":"","neve_post_elements_order":"","neve_meta_disable_header":"","neve_meta_disable_footer":"","neve_meta_disable_title":""},"product_brand":[],"product_cat":[62],"product_tag":[71,92,74],"class_list":{"0":"post-5029","1":"product","2":"type-product","3":"status-publish","4":"has-post-thumbnail","6":"product_cat-servicio-de-alimento","7":"product_tag-kasher-es","8":"product_tag-salsa-de-soya","9":"product_tag-vegano","11":"first","12":"instock","13":"shipping-taxable","14":"product-type-simple"},"jetpack_sharing_enabled":true,"_links":{"self":[{"href":"https:\/\/wanjashan.com\/es\/wp-json\/wp\/v2\/product\/5029","targetHints":{"allow":["GET"]}}],"collection":[{"href":"https:\/\/wanjashan.com\/es\/wp-json\/wp\/v2\/product"}],"about":[{"href":"https:\/\/wanjashan.com\/es\/wp-json\/wp\/v2\/types\/product"}],"wp:featuredmedia":[{"embeddable":true,"href":"https:\/\/wanjashan.com\/es\/wp-json\/wp\/v2\/media\/2563"}],"wp:attachment":[{"href":"https:\/\/wanjashan.com\/es\/wp-json\/wp\/v2\/media?parent=5029"}],"wp:term":[{"taxonomy":"product_brand","embeddable":true,"href":"https:\/\/wanjashan.com\/es\/wp-json\/wp\/v2\/product_brand?post=5029"},{"taxonomy":"product_cat","embeddable":true,"href":"https:\/\/wanjashan.com\/es\/wp-json\/wp\/v2\/product_cat?post=5029"},{"taxonomy":"product_tag","embeddable":true,"href":"https:\/\/wanjashan.com\/es\/wp-json\/wp\/v2\/product_tag?post=5029"}],"curies":[{"name":"wp","href":"https:\/\/api.w.org\/{rel}","templated":true}]}}