{"id":5033,"date":"2024-01-04T14:49:35","date_gmt":"2024-01-04T19:49:35","guid":{"rendered":"https:\/\/wanjashan.com\/product\/vinagre-de-arroz-2\/"},"modified":"2024-01-19T13:33:41","modified_gmt":"2024-01-19T18:33:41","slug":"vinagre-de-arroz-2","status":"publish","type":"product","link":"https:\/\/wanjashan.com\/es\/producto\/vinagre-de-arroz-2\/","title":{"rendered":"Vinagre de arroz"},"content":{"rendered":"","protected":false},"excerpt":{"rendered":"<div class=\"short-description\">\n<p>Te presentamos nuestro vinagre de arroz de alta acidez, especialmente elaborado para profesionales de la industria alimentaria. Con un nivel de acidez del 9%, este vinagre ofrece un sabor intenso y picante que es perfecto para darle un toque especial a tus creaciones culinarias. Ya sea usted un especialista en I+D, un gerente de compras o un gerente de operaciones, nuestro vinagre de arroz est\u00e1 dise\u00f1ado para satisfacer las demandas de sus proyectos o productos profesionales.<\/p>\n<p>Elaborado con arroz seleccionado de primera calidad y elaborado con m\u00e9todos tradicionales, nuestro vinagre de arroz garantiza una calidad constante y un sabor excepcional. Proporciona un sabor fuerte y vibrante que puede realzar una amplia gama de platos, desde aderezos y salsas hasta encurtidos y adobos. Con nuestro vinagre de arroz tienes el poder de experimentar e innovar, creando combinaciones de sabores \u00fanicas e inolvidables.<\/p>\n<p>Como profesional de la industria alimentaria, comprende la importancia de los ingredientes de calidad. Nuestro vinagre de arroz se produce cuidadosamente para cumplir con los m\u00e1s altos est\u00e1ndares, lo que garantiza que brinde el sabor intenso y la acidez que exigen sus creaciones culinarias. Conf\u00eda en nuestro vinagre de arroz para mejorar tus recetas e inspirar tus esfuerzos culinarios. Eleva tus platos a nuevas alturas con el sabor audaz y picante de nuestro vinagre de arroz premium.<\/p>\n<h2>Ingredientes<\/h2>\n<p>Vinagre de arroz. (Diluido con agua hasta 9% de acidez)<\/p>\n<h2>Al\u00e9rgenos<\/h2>\n<h2>Tama\u00f1o disponible<\/h2>\n<p>55 galones (208 litros)<\/p>\n<div class=\"pop-button\">\n<p>Para obtener la informaci\u00f3n m\u00e1s precisa sobre al\u00e9rgenos, nutrici\u00f3n, ingredientes y otra informaci\u00f3n sobre productos, env\u00ede su solicitud.<\/p>\n<\/div>\n<\/div>\n","protected":false},"featured_media":5007,"template":"","meta":{"_coblocks_attr":"","_coblocks_dimensions":"","_coblocks_responsive_height":"","_coblocks_accordion_ie_support":"","neve_meta_sidebar":"","neve_meta_container":"","neve_meta_enable_content_width":"off","neve_meta_content_width":70,"neve_meta_title_alignment":"","neve_meta_author_avatar":"","neve_post_elements_order":"","neve_meta_disable_header":"","neve_meta_disable_footer":"","neve_meta_disable_title":""},"product_brand":[],"product_cat":[66],"product_tag":[71,80,86,74,99],"class_list":{"0":"post-5033","1":"product","2":"type-product","3":"status-publish","4":"has-post-thumbnail","6":"product_cat-industry-alimentaria","7":"product_tag-kasher-es","8":"product_tag-sin-gluten","9":"product_tag-sin-ogm","10":"product_tag-vegano","11":"product_tag-vinagre-es","13":"first","14":"instock","15":"virtual","16":"product-type-simple"},"jetpack_sharing_enabled":true,"_links":{"self":[{"href":"https:\/\/wanjashan.com\/es\/wp-json\/wp\/v2\/product\/5033","targetHints":{"allow":["GET"]}}],"collection":[{"href":"https:\/\/wanjashan.com\/es\/wp-json\/wp\/v2\/product"}],"about":[{"href":"https:\/\/wanjashan.com\/es\/wp-json\/wp\/v2\/types\/product"}],"wp:featuredmedia":[{"embeddable":true,"href":"https:\/\/wanjashan.com\/es\/wp-json\/wp\/v2\/media\/5007"}],"wp:attachment":[{"href":"https:\/\/wanjashan.com\/es\/wp-json\/wp\/v2\/media?parent=5033"}],"wp:term":[{"taxonomy":"product_brand","embeddable":true,"href":"https:\/\/wanjashan.com\/es\/wp-json\/wp\/v2\/product_brand?post=5033"},{"taxonomy":"product_cat","embeddable":true,"href":"https:\/\/wanjashan.com\/es\/wp-json\/wp\/v2\/product_cat?post=5033"},{"taxonomy":"product_tag","embeddable":true,"href":"https:\/\/wanjashan.com\/es\/wp-json\/wp\/v2\/product_tag?post=5033"}],"curies":[{"name":"wp","href":"https:\/\/api.w.org\/{rel}","templated":true}]}}