{"id":5040,"date":"2024-01-04T15:14:58","date_gmt":"2024-01-04T20:14:58","guid":{"rendered":"https:\/\/wanjashan.com\/product\/vinagre-de-arroz-organico-2\/"},"modified":"2024-01-19T13:06:48","modified_gmt":"2024-01-19T18:06:48","slug":"vinagre-de-arroz-organico-2","status":"publish","type":"product","link":"https:\/\/wanjashan.com\/es\/producto\/vinagre-de-arroz-organico-2\/","title":{"rendered":"Vinagre de Arroz Org\u00e1nico"},"content":{"rendered":"","protected":false},"excerpt":{"rendered":"<div class=\"short-description\">\n<p>Elaborado con meticulosa dedicaci\u00f3n a la calidad y la pureza, nuestro vinagre de arroz org\u00e1nico premium ofrece un toque distintivo a sus creaciones culinarias. Utilizando arroz cultivado org\u00e1nicamente y t\u00e9cnicas de fermentaci\u00f3n tradicionales, ofrecemos un perfil de sabor complejo y equilibrado que eleva su proyecto o sus productos profesionales.<\/p>\n<p>Calidad y consistencia sin concesiones:<\/p>\n<ul>\n<li>100% org\u00e1nico certificado: cultivado en granjas org\u00e1nicas certificadas que utilizan pr\u00e1cticas sostenibles, nuestro vinagre de arroz cumple con los m\u00e1s altos est\u00e1ndares de calidad e integridad.<\/li>\n<li>Elaborada tradicionalmente: cada lote se somete a un proceso de fermentaci\u00f3n meticulosamente controlado, lo que garantiza un sabor y una profundidad consistentes e inquebrantables en los que puede confiar.<\/li>\n<li>Acidez equilibrada: Con un nivel preciso de acidez del 10 %, nuestro vinagre proporciona un sabor delicado que ilumina sin dominar, complementar ni mejorar otros ingredientes.<\/li>\n<\/ul>\n<p>Versatilidad para cada lienzo culinario:<\/p>\n<ul>\n<li>Inspiraci\u00f3n culinaria: enciende tu creatividad a trav\u00e9s de una gran cantidad de aplicaciones. Nuestro vinagre de arroz brilla en adobos, glaseados, salsas, ensaladas, aderezos y toques finales, agregando una capa sofisticada de complejidad a todas las cocinas.<\/li>\n<li>Eficiencia operativa: una botella vers\u00e1til abre una multitud de usos, optimizando las operaciones de su cocina y maximizando la rentabilidad.<\/li>\n<li>Promesa de etiqueta limpia: libre de aditivos artificiales, conservantes y OGM, nuestro vinagre de arroz org\u00e1nico se alinea con su compromiso con los ingredientes puros y naturales.<\/li>\n<\/ul>\n<h2>Ingredientes<\/h2>\n<p>Vinagre de Arroz Ecol\u00f3gico. (Diluido con agua hasta un 10% de acidez)<\/p>\n<h2>Al\u00e9rgenos<\/h2>\n<h2>Tama\u00f1o disponible<\/h2>\n<p>55 galones (208 litros)<\/p>\n<div class=\"pop-button\">\n<p>Para obtener la informaci\u00f3n m\u00e1s precisa sobre al\u00e9rgenos, nutrici\u00f3n, ingredientes y otra informaci\u00f3n sobre productos, env\u00ede su solicitud.<\/p>\n<\/div>\n<\/div>\n","protected":false},"featured_media":5007,"template":"","meta":{"_coblocks_attr":"","_coblocks_dimensions":"","_coblocks_responsive_height":"","_coblocks_accordion_ie_support":"","neve_meta_sidebar":"","neve_meta_container":"","neve_meta_enable_content_width":"off","neve_meta_content_width":70,"neve_meta_title_alignment":"","neve_meta_author_avatar":"","neve_post_elements_order":"","neve_meta_disable_header":"","neve_meta_disable_footer":"","neve_meta_disable_title":""},"product_brand":[],"product_cat":[66],"product_tag":[71,89,86,74,99],"class_list":{"0":"post-5040","1":"product","2":"type-product","3":"status-publish","4":"has-post-thumbnail","6":"product_cat-industry-alimentaria","7":"product_tag-kasher-es","8":"product_tag-organico","9":"product_tag-sin-ogm","10":"product_tag-vegano","11":"product_tag-vinagre-es","13":"first","14":"instock","15":"virtual","16":"product-type-simple"},"jetpack_sharing_enabled":true,"_links":{"self":[{"href":"https:\/\/wanjashan.com\/es\/wp-json\/wp\/v2\/product\/5040","targetHints":{"allow":["GET"]}}],"collection":[{"href":"https:\/\/wanjashan.com\/es\/wp-json\/wp\/v2\/product"}],"about":[{"href":"https:\/\/wanjashan.com\/es\/wp-json\/wp\/v2\/types\/product"}],"wp:featuredmedia":[{"embeddable":true,"href":"https:\/\/wanjashan.com\/es\/wp-json\/wp\/v2\/media\/5007"}],"wp:attachment":[{"href":"https:\/\/wanjashan.com\/es\/wp-json\/wp\/v2\/media?parent=5040"}],"wp:term":[{"taxonomy":"product_brand","embeddable":true,"href":"https:\/\/wanjashan.com\/es\/wp-json\/wp\/v2\/product_brand?post=5040"},{"taxonomy":"product_cat","embeddable":true,"href":"https:\/\/wanjashan.com\/es\/wp-json\/wp\/v2\/product_cat?post=5040"},{"taxonomy":"product_tag","embeddable":true,"href":"https:\/\/wanjashan.com\/es\/wp-json\/wp\/v2\/product_tag?post=5040"}],"curies":[{"name":"wp","href":"https:\/\/api.w.org\/{rel}","templated":true}]}}