{"id":5049,"date":"2024-01-04T15:46:04","date_gmt":"2024-01-04T20:46:04","guid":{"rendered":"https:\/\/wanjashan.com\/product\/mirin-vino-de-arroz-dulce-para-cocinar-3\/"},"modified":"2024-01-04T15:46:04","modified_gmt":"2024-01-04T20:46:04","slug":"mirin-vino-de-arroz-dulce-para-cocinar-3","status":"publish","type":"product","link":"https:\/\/wanjashan.com\/es\/producto\/mirin-vino-de-arroz-dulce-para-cocinar-3\/","title":{"rendered":"Mirin \/ Vino de arroz dulce para cocinar"},"content":{"rendered":"","protected":false},"excerpt":{"rendered":"<div class=\"short-description\">\n<p>Elaborado con ingredientes totalmente naturales y sin conservantes ni sabores artificiales, nuestro mirin es una opci\u00f3n saludable y deliciosa para cualquier cocinero casero. Ya seas un chef experimentado o un principiante en la cocina, el mirin es un ingrediente esencial que llevar\u00e1 tu cocina al siguiente nivel. \u00a1Pru\u00e9balo hoy y descubre el incre\u00edble sabor y la versatilidad de este antiguo condimento japon\u00e9s!<\/p>\n<h2>Ingredientes<\/h2>\n<p>Az\u00facar, Agua, Alcohol, Sal, Arroz Glutinoso.<\/p>\n<h2>Al\u00e9rgenos<\/h2>\n<h2>Tama\u00f1o disponible<\/h2>\n<p>55 galones (208 litros)<\/p>\n<div class=\"pop-button\">\n<div class=\"Hint\">haga clic para mostrar los datos nutricionales completos<\/div>\n[sg_popup id=\"2221\" event=\"click\"]Datos Nutricionales[\/sg_popup]\n<\/div>\n<p class=\"alert-info\">Consulte la etiqueta del producto. para obtener la informaci\u00f3n m\u00e1s precisa sobre al\u00e9rgenos, nutrici\u00f3n e ingredientes.<\/p>\n<\/div>\n","protected":false},"featured_media":5003,"template":"","meta":{"_coblocks_attr":"","_coblocks_dimensions":"","_coblocks_responsive_height":"","_coblocks_accordion_ie_support":"","neve_meta_sidebar":"","neve_meta_container":"","neve_meta_enable_content_width":"off","neve_meta_content_width":100,"neve_meta_title_alignment":"","neve_meta_author_avatar":"","neve_post_elements_order":"","neve_meta_disable_header":"","neve_meta_disable_footer":"","neve_meta_disable_title":""},"product_brand":[],"product_cat":[66],"product_tag":[76,80,86,74],"class_list":{"0":"post-5049","1":"product","2":"type-product","3":"status-publish","4":"has-post-thumbnail","6":"product_cat-industry-alimentaria","7":"product_tag-condimento","8":"product_tag-sin-gluten","9":"product_tag-sin-ogm","10":"product_tag-vegano","12":"first","13":"instock","14":"shipping-taxable","15":"product-type-simple"},"jetpack_sharing_enabled":true,"_links":{"self":[{"href":"https:\/\/wanjashan.com\/es\/wp-json\/wp\/v2\/product\/5049","targetHints":{"allow":["GET"]}}],"collection":[{"href":"https:\/\/wanjashan.com\/es\/wp-json\/wp\/v2\/product"}],"about":[{"href":"https:\/\/wanjashan.com\/es\/wp-json\/wp\/v2\/types\/product"}],"wp:featuredmedia":[{"embeddable":true,"href":"https:\/\/wanjashan.com\/es\/wp-json\/wp\/v2\/media\/5003"}],"wp:attachment":[{"href":"https:\/\/wanjashan.com\/es\/wp-json\/wp\/v2\/media?parent=5049"}],"wp:term":[{"taxonomy":"product_brand","embeddable":true,"href":"https:\/\/wanjashan.com\/es\/wp-json\/wp\/v2\/product_brand?post=5049"},{"taxonomy":"product_cat","embeddable":true,"href":"https:\/\/wanjashan.com\/es\/wp-json\/wp\/v2\/product_cat?post=5049"},{"taxonomy":"product_tag","embeddable":true,"href":"https:\/\/wanjashan.com\/es\/wp-json\/wp\/v2\/product_tag?post=5049"}],"curies":[{"name":"wp","href":"https:\/\/api.w.org\/{rel}","templated":true}]}}