{"id":5147,"date":"2024-01-19T13:33:36","date_gmt":"2024-01-19T18:33:36","guid":{"rendered":"https:\/\/wanjashan.com\/product\/vinagre-de-arroz-3\/"},"modified":"2024-01-19T13:45:29","modified_gmt":"2024-01-19T18:45:29","slug":"vinagre-de-arroz-3","status":"publish","type":"product","link":"https:\/\/wanjashan.com\/es\/producto\/vinagre-de-arroz-3\/","title":{"rendered":"Vinagre de arroz"},"content":{"rendered":"","protected":false},"excerpt":{"rendered":"<div class=\"short-description\">\n<p>Nuestro vinagre de arroz est\u00e1 elaborado a partir de arroz premium seleccionado, lo que garantiza que solo se utilicen los mejores granos en el proceso de fermentaci\u00f3n. Los m\u00e9todos tradicionales empleados en su elaboraci\u00f3n dan como resultado un vinagre limpio, crujiente y de una calidad excepcional.<\/p>\n<p>Con un nivel de acidez del 4,5 %, nuestro vinagre de arroz logra el equilibrio perfecto entre acidez y sabor suave. Su suave acidez le permite complementar una amplia gama de ingredientes y platos sin dominar sus sabores naturales.<\/p>\n<p>Nuestro vinagre de arroz aporta una acidez ligera y limpia a una variedad de cocinas, lo que lo convierte en un ingrediente vers\u00e1til para aplicaciones asi\u00e1ticas y globales. Ya sea que est\u00e9 preparando sushi, salteados, aderezos, tazones de arroz o salsas para mojar, nuestro vinagre de arroz agrega un toque simple y picante que mejora el perfil de sabor general de sus platos.<\/p>\n<p>Como chef de un restaurante, comprende la importancia de utilizar ingredientes de alta calidad para crear platos excepcionales. Nuestro vinagre de arroz premium, con su arroz premium seleccionado y su proceso de producci\u00f3n tradicional, es la elecci\u00f3n perfecta para llevar tus creaciones culinarias a nuevas alturas. Experimente la diferencia que nuestro vinagre de arroz puede hacer en su cocina hoy.<\/p>\n<h2>Ingredientes<\/h2>\n<p>Vinagre de arroz. (Diluido con agua hasta 4,5% de acidez)<\/p>\n<h2>Al\u00e9rgenos<\/h2>\n<h2>Tama\u00f1o disponible<\/h2>\n<p>1 gal\u00f3n (3,7 litros)<\/p>\n<div class=\"pop-button\">\n<div class=\"Hint\">haga clic para mostrar los datos nutricionales completos<\/div>\n[sg_popup id=\"2520\" event=\"click\"]Datos Nutricionales[\/sg_popup]\n<\/div>\n<p class=\"alert-info\">Consulte la etiqueta del producto. para obtener la informaci\u00f3n m\u00e1s precisa sobre al\u00e9rgenos, nutrici\u00f3n e ingredientes.<\/p>\n<\/div>\n","protected":false},"featured_media":5144,"template":"","meta":{"_coblocks_attr":"","_coblocks_dimensions":"","_coblocks_responsive_height":"","_coblocks_accordion_ie_support":"","neve_meta_sidebar":"","neve_meta_container":"","neve_meta_enable_content_width":"off","neve_meta_content_width":100,"neve_meta_title_alignment":"","neve_meta_author_avatar":"","neve_post_elements_order":"","neve_meta_disable_header":"","neve_meta_disable_footer":"","neve_meta_disable_title":""},"product_brand":[],"product_cat":[62],"product_tag":[71,80,86,74,99],"class_list":{"0":"post-5147","1":"product","2":"type-product","3":"status-publish","4":"has-post-thumbnail","6":"product_cat-servicio-de-alimento","7":"product_tag-kasher-es","8":"product_tag-sin-gluten","9":"product_tag-sin-ogm","10":"product_tag-vegano","11":"product_tag-vinagre-es","13":"first","14":"instock","15":"shipping-taxable","16":"product-type-simple"},"jetpack_sharing_enabled":true,"_links":{"self":[{"href":"https:\/\/wanjashan.com\/es\/wp-json\/wp\/v2\/product\/5147","targetHints":{"allow":["GET"]}}],"collection":[{"href":"https:\/\/wanjashan.com\/es\/wp-json\/wp\/v2\/product"}],"about":[{"href":"https:\/\/wanjashan.com\/es\/wp-json\/wp\/v2\/types\/product"}],"wp:featuredmedia":[{"embeddable":true,"href":"https:\/\/wanjashan.com\/es\/wp-json\/wp\/v2\/media\/5144"}],"wp:attachment":[{"href":"https:\/\/wanjashan.com\/es\/wp-json\/wp\/v2\/media?parent=5147"}],"wp:term":[{"taxonomy":"product_brand","embeddable":true,"href":"https:\/\/wanjashan.com\/es\/wp-json\/wp\/v2\/product_brand?post=5147"},{"taxonomy":"product_cat","embeddable":true,"href":"https:\/\/wanjashan.com\/es\/wp-json\/wp\/v2\/product_cat?post=5147"},{"taxonomy":"product_tag","embeddable":true,"href":"https:\/\/wanjashan.com\/es\/wp-json\/wp\/v2\/product_tag?post=5147"}],"curies":[{"name":"wp","href":"https:\/\/api.w.org\/{rel}","templated":true}]}}