{"id":1741,"date":"2021-02-19T11:55:23","date_gmt":"2021-02-19T16:55:23","guid":{"rendered":"https:\/\/wanjashan.com\/domicile\/"},"modified":"2022-04-08T16:44:56","modified_gmt":"2022-04-08T20:44:56","slug":"domicile","status":"publish","type":"page","link":"https:\/\/wanjashan.com\/fr\/","title":{"rendered":"Domicile"},"content":{"rendered":"\n<div class=\"wp-block-columns is-layout-flex wp-container-core-columns-is-layout-9d6595d7 wp-block-columns-is-layout-flex\">\n<div class=\"wp-block-column is-layout-flow wp-block-column-is-layout-flow\">\n<section class=\"mast-head\">\n    <video autoplay=\"\" loop=\"\" class=\"mast-head__video\" muted=\"\" playsinline=\"\">\n      <source src=\"https:\/\/wanjashan.com\/wp-content\/uploads\/video\/website.vf.fr.mp4\" type=\"video\/mp4\">\n      \n    <\/video>\n    <div class=\"mast-head__overlay\">\n        <div class=\"container\">\n        <h2 class=\"mast-head__heading\"><br><\/h2>\n        <\/div>\n    <\/div>\n  <!-- \/__overlay -->\n<\/section>\n<\/div>\n<\/div>\n\n\n\n<div class=\"wp-block-columns is-layout-flex wp-container-core-columns-is-layout-9d6595d7 wp-block-columns-is-layout-flex\">\n<div class=\"wp-block-column is-layout-flow wp-block-column-is-layout-flow\">\n<div class=\"wp-block-columns is-layout-flex wp-container-core-columns-is-layout-9d6595d7 wp-block-columns-is-layout-flex\">\n<div class=\"wp-block-column is-layout-flow wp-block-column-is-layout-flow\" style=\"flex-basis:100%\">\n<div class=\"middle-section flex-container\">\n    <div class=\"section-intro b-block\">\n        <div class=\"flex-ad b-size\">\n            <div class=\"intro-title hidden-h2\">\n                <h2>Qui sommes-nous<\/h2>\n            <\/div>\n            <div class=\"hover-h2 b-hover\">\n                <h2>Qui sommes-nous<\/h2>\n                <p>Il n\u2019y a pas de raccourcis vers la propret\u00e9<br>Brass\u00e9 \u00e0 la main \u00e0 New York<\/p>\n                <a href=\"https:\/\/wanjashan.com\/zh-hant\/profile\/\">Pour en savoir plus<\/a>\n            <\/div>\n            <a href=\"https:\/\/wanjashan.com\/zh-hant\/profile\/\" class=\"ad-img\">\n                <img decoding=\"async\" src=\"https:\/\/wanjashan.com\/wp-content\/uploads\/2021\/10\/five-aboutus.jpg\" alt=\"\u00e0 propos de nous\">\n            <\/a>\n        <\/div>\n    <\/div>\n    <div class=\"section-intro\">\n        <div class=\"flex-ad\">\n            <div class=\"s-size\">\n                <div class=\"intro-title hidden-h2\">\n                    <h2>Brasser la sauce soja<\/h2>\n                <\/div>\n                <div class=\"hover-h2\">\n                    <h2>Brasser la sauce soja<\/h2>\n                    <p>Informations sur l\u2019emplacement de vente au d\u00e9tail<\/p>\n                    <a href=\"https:\/\/wanjashan.com\/zh-hant\/recipe\/\">Pour en savoir plus<\/a>\n                <\/div>\n                <a href=\"https:\/\/wanjashan.com\/zh-hant\/recipe\/\" class=\"ad-img\">\n                    <img decoding=\"async\" src=\"https:\/\/wanjashan.com\/wp-content\/uploads\/2021\/10\/five1-recipe.jpg\" alt=\"\u00e0 propos de nous\">\n                <\/a>\n            <\/div>\n        <\/div>\n        <div class=\"flex-ad\">\n            <div class=\"s-size\">\n                <div class=\"intro-title hidden-h2\">\n                    <h2>Restauration<\/h2>\n                <\/div>\n                <div class=\"hover-h2\">\n                    <h2>Restauration<\/h2>\n                    <p>Un excellent compagnon du chef, le secret de la nourriture d\u00e9licieuse<\/p>\n                    <a href=\"https:\/\/wanjashan.com\/zh-hant\/product-category\/catering-zh-hant\/\">Pour en savoir plus<\/a>\n                <\/div>\n                <a href=\"https:\/\/wanjashan.com\/zh-hant\/product-category\/catering-zh-hant\/\" class=\"ad-img\">\n                    <img decoding=\"async\" src=\"https:\/\/wanjashan.com\/wp-content\/uploads\/2021\/10\/catering.jpg\" alt=\"\u00e0 propos de nous\">\n                <\/a>\n            <\/div>\n        <\/div>\n    <\/div>\n    <div class=\"section-intro\">\n        <div class=\"flex-ad\">\n            <div class=\"s-size\">\n                <div class=\"intro-title hidden-h2\">\n                    <h2>Cuisine \u00e0 la maison<\/h2>\n                <\/div>\n                <div class=\"hover-h2\">\n                    <h2>Cuisine \u00e0 la maison<\/h2>\n                    <p>Cuisinez facilement \u00e0 la maison avec de la sauce soja farcie pure<\/p>\n                    <a href=\"https:\/\/wanjashan.com\/zh-hant\/product-category\/home-zh-hant\/\">Pour en savoir plus<\/a>\n                <\/div>\n                <a href=\"https:\/\/wanjashan.com\/zh-hant\/product-category\/home-zh-hant\/\" class=\"ad-img\">\n                    <img decoding=\"async\" src=\"https:\/\/wanjashan.com\/wp-content\/uploads\/2021\/10\/home-cooking.jpg\" alt=\"\u00e0 propos de nous\">\n                <\/a>\n            <\/div>\n        <\/div>\n        <div class=\"flex-ad\">\n            <div class=\"s-size\">\n                <div class=\"intro-title hidden-h2\">\n                    <h2>Agroalimentaire<\/h2>\n                <\/div>\n                <div class=\"hover-h2\">\n                    <h2>Agroalimentaire<\/h2>\n                    <p>Un r\u00f4ti<\/p>\n                    <a href=\"https:\/\/wanjashan.com\/zh-hant\/product-category\/industry-zh-hant\/\">Pour en savoir plus<\/a>\n                <\/div>\n                <a href=\"https:\/\/wanjashan.com\/zh-hant\/product-category\/industry-zh-hant\/\" class=\"ad-img\">\n                    <img decoding=\"async\" src=\"https:\/\/wanjashan.com\/wp-content\/uploads\/2021\/10\/five1-bbq.jpg\" alt=\"\u00e0 propos de nous\">\n                <\/a>\n            <\/div>\n        <\/div>\n    <\/div>\n<\/div>\n<\/div>\n<\/div>\n<\/div>\n<\/div>\n\n\n\n<div class=\"wp-block-columns is-layout-flex wp-container-core-columns-is-layout-9d6595d7 wp-block-columns-is-layout-flex\">\n<div class=\"wp-block-column is-layout-flow wp-block-column-is-layout-flow\">\n<div class=\"Contact-section flex-container\">\n    <div class=\"ContactTxt\">\n        <h2>Savourez une cuisine d\u00e9licieuse,<br>Pimentez votre vie<\/h2>\n        <h3>Nous nous engageons \u00e0 produire des condiments d\u00e9licieux et vari\u00e9s.<\/h3>\n        <a href=\"https:\/\/wanjashan.com\/zh-hant\/contact\/\">Contactez-nous<\/a>\n    <\/div>\n    <div class=\"ContactImg\">\n        <img decoding=\"async\" src=\"https:\/\/wanjashan.com\/wp-content\/uploads\/2021\/10\/contactus-02.jpg\" alt=\"ContactImg\">\n    <\/div>\n<\/div>\n<\/div>\n<\/div>\n\n\n\n<div class=\"wp-block-columns is-layout-flex wp-container-core-columns-is-layout-9d6595d7 wp-block-columns-is-layout-flex\">\n<div class=\"wp-block-column is-layout-flow wp-block-column-is-layout-flow\" style=\"flex-basis:33.33%\"><\/div>\n\n\n\n<div class=\"wp-block-column is-layout-flow wp-block-column-is-layout-flow\" style=\"flex-basis:66.66%\"><\/div>\n<\/div>\n\n\n\n<p><\/p>\n","protected":false},"excerpt":{"rendered":"<p>Qui sommes-nous Qui sommes-nous Il n\u2019y a pas de raccourcis vers la propret\u00e9Brass\u00e9 \u00e0 la main \u00e0 New York Pour en savoir plus Brasser la sauce soja Brasser la sauce soja Informations sur l\u2019emplacement de vente au d\u00e9tail Pour en savoir plus Restauration Restauration Un excellent compagnon du chef, le secret de la nourriture d\u00e9licieuse&hellip;&nbsp;<a href=\"https:\/\/wanjashan.com\/fr\/\" rel=\"bookmark\">Read More &raquo;<span class=\"screen-reader-text\">Domicile<\/span><\/a><\/p>\n","protected":false},"author":1,"featured_media":0,"parent":0,"menu_order":1,"comment_status":"closed","ping_status":"closed","template":"","meta":{"_coblocks_attr":"","_coblocks_dimensions":"","_coblocks_responsive_height":"","_coblocks_accordion_ie_support":"","neve_meta_sidebar":"","neve_meta_container":"","neve_meta_enable_content_width":"on","neve_meta_content_width":100,"neve_meta_title_alignment":"","neve_meta_author_avatar":"","neve_post_elements_order":"","neve_meta_disable_header":"","neve_meta_disable_footer":"","neve_meta_disable_title":"on","footnotes":""},"class_list":["post-1741","page","type-page","status-publish","hentry"],"_links":{"self":[{"href":"https:\/\/wanjashan.com\/fr\/wp-json\/wp\/v2\/pages\/1741","targetHints":{"allow":["GET"]}}],"collection":[{"href":"https:\/\/wanjashan.com\/fr\/wp-json\/wp\/v2\/pages"}],"about":[{"href":"https:\/\/wanjashan.com\/fr\/wp-json\/wp\/v2\/types\/page"}],"author":[{"embeddable":true,"href":"https:\/\/wanjashan.com\/fr\/wp-json\/wp\/v2\/users\/1"}],"replies":[{"embeddable":true,"href":"https:\/\/wanjashan.com\/fr\/wp-json\/wp\/v2\/comments?post=1741"}],"version-history":[{"count":12,"href":"https:\/\/wanjashan.com\/fr\/wp-json\/wp\/v2\/pages\/1741\/revisions"}],"predecessor-version":[{"id":3061,"href":"https:\/\/wanjashan.com\/fr\/wp-json\/wp\/v2\/pages\/1741\/revisions\/3061"}],"wp:attachment":[{"href":"https:\/\/wanjashan.com\/fr\/wp-json\/wp\/v2\/media?parent=1741"}],"curies":[{"name":"wp","href":"https:\/\/api.w.org\/{rel}","templated":true}]}}