{"id":1755,"date":"2021-02-19T11:55:23","date_gmt":"2021-02-19T16:55:23","guid":{"rendered":"https:\/\/wanjashan.com\/qui-sommes-nous\/"},"modified":"2023-07-05T16:51:31","modified_gmt":"2023-07-05T20:51:31","slug":"qui-sommes-nous","status":"publish","type":"page","link":"https:\/\/wanjashan.com\/fr\/qui-sommes-nous\/","title":{"rendered":"\u00c0 propos de nous"},"content":{"rendered":"\n<div class=\"wp-block-columns is-layout-flex wp-container-core-columns-is-layout-9d6595d7 wp-block-columns-is-layout-flex\">\n<div class=\"wp-block-column is-layout-flow wp-block-column-is-layout-flow\"><\/div>\n\n\n\n<div class=\"wp-block-column is-layout-flow wp-block-column-is-layout-flow\"><\/div>\n<\/div>\n\n\n\n<div class=\"wp-block-columns is-layout-flex wp-container-core-columns-is-layout-9d6595d7 wp-block-columns-is-layout-flex\">\n<div class=\"wp-block-column is-layout-flow wp-block-column-is-layout-flow\"><\/div>\n\n\n\n<div class=\"wp-block-column is-layout-flow wp-block-column-is-layout-flow\"><\/div>\n<\/div>\n\n\n\n<div class=\"AboutTop\">\n    <div class=\"AboutTitle\">\n        <h2>\u00c0 propos de nous<\/h2>\n    <\/div>\n<\/div>\n<div class=\"AboutSection\">\n    <div class=\"TopTxt\">\n        <h3>L&rsquo;ar\u00f4me se r\u00e9pand \u00e0 travers 10 000 foyers.<\/h3>\n        <p>Depuis notre cr\u00e9ation en 1945, la soci\u00e9t\u00e9 Wan Ja Shan Brewery Co., Ltd. s&rsquo;est d\u00e9velopp\u00e9e pour devenir l&rsquo;une des principales brasseries de sauce soja naturellement ferment\u00e9e \u00e0 Ta\u00efwan et aux \u00c9tats-Unis. Nos produits sont distribu\u00e9s \u00e0 travers le monde sur chaque march\u00e9 : vente au d\u00e9tail, restauration et industrie agroalimentaire. La sauce soja Wan Ja Shan constitue la base d&rsquo;une gamme s\u00e9lective de d\u00e9licieuses sauces. Nos sauces donnent tout son sens au nom Wan Ja Shan, qui se traduit par \u00ab\u00a0L&rsquo;ar\u00f4me se r\u00e9pand \u00e0 travers 10 000 foyers.\u00a0\u00bb.<\/p>\n    <\/div>\n    <div class=\"AboutImg\">\n        <img decoding=\"async\" src=\"https:\/\/wanjashan.com\/wp-content\/uploads\/2021\/11\/1102-04.jpg\" alt=\"AboutImg\">\n    <\/div>\n    <div class=\"AboutTxt\">\n        <p>Con\u00e7ues pour enrichir le go\u00fbt, l&rsquo;ar\u00f4me et la couleur de tous les types de plats, nos sauces sont id\u00e9ales pour une vari\u00e9t\u00e9 de techniques culinaires telles que la grillade, les salades, les marinades, les rago\u00fbts, etc. <\/p>\n        <p>Nos sauces apportent non seulement une touche magique \u00e0 vos recettes et \u00e0 votre menu de restaurant, mais elles permettent \u00e9galement la cr\u00e9ation de produits uniques et savoureux dans l&rsquo;industrie agroalimentaire.<\/p>\n        <p>Tout au long de son histoire, Wan Ja Shan s&rsquo;est appuy\u00e9e sur trois principes fondamentaux : la Qualit\u00e9, la Sinc\u00e9rit\u00e9 et le Service, qui sont les bases de son succ\u00e8s. Wan Ja Shan s&rsquo;engage \u00e0 cr\u00e9er et \u00e0 am\u00e9liorer les sauces asiatiques traditionnelles en proposant des produits inovateurs, plus sains pour r\u00e9pondre aux attentes des consommateurs exigents du monde entier.<\/p>\n        <p>Pour r\u00e9pondre \u00e0 la demande croissante et \u00e0 la popularit\u00e9 des aliments naturels dans le monde entier, Wan Ja Shan utilise le soja et du bl\u00e9 de qualit\u00e9 sup\u00e9rieure ou biologiques. Wan Ja Shan a \u00e9galement investi dans ses brasseries pour produire des sauces sans OGM, biologiques et sans gluten.<\/p>\n    <\/div>\n    \n    <div class=\"clearfix\"><\/div>\n\n<\/div>\n\n\n\n<p><\/p>\n","protected":false},"excerpt":{"rendered":"<p>\u00c0 propos de nous L&rsquo;ar\u00f4me se r\u00e9pand \u00e0 travers 10 000 foyers. Depuis notre cr\u00e9ation en 1945, la soci\u00e9t\u00e9 Wan Ja Shan Brewery Co., Ltd. s&rsquo;est d\u00e9velopp\u00e9e pour devenir l&rsquo;une des principales brasseries de sauce soja naturellement ferment\u00e9e \u00e0 Ta\u00efwan et aux \u00c9tats-Unis. Nos produits sont distribu\u00e9s \u00e0 travers le monde sur chaque march\u00e9 :&hellip;&nbsp;<a href=\"https:\/\/wanjashan.com\/fr\/qui-sommes-nous\/\" rel=\"bookmark\">Read More &raquo;<span class=\"screen-reader-text\">\u00c0 propos de nous<\/span><\/a><\/p>\n","protected":false},"author":1,"featured_media":0,"parent":0,"menu_order":2,"comment_status":"closed","ping_status":"closed","template":"","meta":{"_coblocks_attr":"","_coblocks_dimensions":"","_coblocks_responsive_height":"","_coblocks_accordion_ie_support":"","neve_meta_sidebar":"","neve_meta_container":"","neve_meta_enable_content_width":"on","neve_meta_content_width":100,"neve_meta_title_alignment":"","neve_meta_author_avatar":"","neve_post_elements_order":"","neve_meta_disable_header":"","neve_meta_disable_footer":"","neve_meta_disable_title":"on","footnotes":""},"class_list":["post-1755","page","type-page","status-publish","hentry"],"jetpack_sharing_enabled":true,"_links":{"self":[{"href":"https:\/\/wanjashan.com\/fr\/wp-json\/wp\/v2\/pages\/1755","targetHints":{"allow":["GET"]}}],"collection":[{"href":"https:\/\/wanjashan.com\/fr\/wp-json\/wp\/v2\/pages"}],"about":[{"href":"https:\/\/wanjashan.com\/fr\/wp-json\/wp\/v2\/types\/page"}],"author":[{"embeddable":true,"href":"https:\/\/wanjashan.com\/fr\/wp-json\/wp\/v2\/users\/1"}],"replies":[{"embeddable":true,"href":"https:\/\/wanjashan.com\/fr\/wp-json\/wp\/v2\/comments?post=1755"}],"version-history":[{"count":11,"href":"https:\/\/wanjashan.com\/fr\/wp-json\/wp\/v2\/pages\/1755\/revisions"}],"predecessor-version":[{"id":4787,"href":"https:\/\/wanjashan.com\/fr\/wp-json\/wp\/v2\/pages\/1755\/revisions\/4787"}],"wp:attachment":[{"href":"https:\/\/wanjashan.com\/fr\/wp-json\/wp\/v2\/media?parent=1755"}],"curies":[{"name":"wp","href":"https:\/\/api.w.org\/{rel}","templated":true}]}}