{"id":2887,"date":"2022-03-31T14:41:11","date_gmt":"2022-03-31T18:41:11","guid":{"rendered":"https:\/\/wanjashan.com\/brasser-la-sauce-soja\/"},"modified":"2022-03-31T15:27:32","modified_gmt":"2022-03-31T19:27:32","slug":"brasser-la-sauce-soja","status":"publish","type":"page","link":"https:\/\/wanjashan.com\/fr\/brasser-la-sauce-soja\/","title":{"rendered":"Brasser la sauce soja"},"content":{"rendered":"\n<div class=\"wp-block-columns is-layout-flex wp-container-core-columns-is-layout-9d6595d7 wp-block-columns-is-layout-flex\">\n<div class=\"wp-block-column is-layout-flow wp-block-column-is-layout-flow\"><\/div>\n\n\n\n<div class=\"wp-block-column is-layout-flow wp-block-column-is-layout-flow\"><\/div>\n<\/div>\n\n\n\n<div class=\"wp-block-columns is-layout-flex wp-container-core-columns-is-layout-9d6595d7 wp-block-columns-is-layout-flex\">\n<div class=\"wp-block-column is-layout-flow wp-block-column-is-layout-flow\"><\/div>\n\n\n\n<div class=\"wp-block-column is-layout-flow wp-block-column-is-layout-flow\"><\/div>\n<\/div>\n\n\n\n.BrewTop{\n image d&rsquo;arri\u00e8re-plan&nbsp;: url(&lsquo;https:\/\/wanjashan.com\/wp-content\/uploads\/2022\/03\/profilebanner01.jpg&rsquo;);\n}\n<div class=\"BrewTop\">\n    <div class=\"BrewTitle\">\n        <h2>BREWING SAUCE SOJA <\/h2>      \n    <\/div>\n<\/div>\n<div class=\"BrewSection\">\n    <div class=\"TopTxt\">\n        <h3>AR\u00d4ME DANS 10 000 FOYERS<\/h3>\n        <p>Depuis notre cr\u00e9ation en 1945, Wan Ja Shan Brewery Co., Ltd. est devenu l&rsquo;un des principaux fabricants de sauce de soja brass\u00e9e naturellement \u00e0 Ta\u00efwan, aux \u00c9tats-Unis et en Chine avec une distribution \u00e0 une base mondiale de d\u00e9taillants, de restaurants et de transformateurs alimentaires.Wan La sauce soja Ja Shan est \u00e0 la base d&rsquo;une gamme s\u00e9lective de d\u00e9licieuses sauces asiatiques. Nos sauces donnent tout leur sens au nom Wan Ja Shan, qui se traduit par \u00ab\u00a0L&rsquo;ar\u00f4me de 10 000 foyers\u00a0\u00bb.<\/p>\n    <\/div>\n    <div class=\"BrewImg\">\n        <img decoding=\"async\" src=\"https:\/\/i0a.410.myftpupload.com\/wp-content\/uploads\/2021\/11\/1102-04.jpg\" alt=\"BrewImg\">\n    <\/div>\n    <div class=\"BrewTxt\">\n        <p> Nos condiments sal\u00e9s rehaussent la saveur des plats cuisin\u00e9s et peuvent \u00eatre utilis\u00e9s comme marinade, vinaigrette et trempette. Il fonctionne de mani\u00e8re magique dans les recettes, offrant une vaste gamme de possibilit\u00e9s de menus cr\u00e9atifs et produisant des r\u00e9sultats innovants pour bon nombre des plus grands transformateurs alimentaires et fabricants d&rsquo;ingr\u00e9dients du monde.<\/p>\n        <p>Tout au long de notre histoire, Wan Ja Shan a \u00e9t\u00e9 soigneusement g\u00e9r\u00e9 selon les trois principes importants de qualit\u00e9, sinc\u00e9rit\u00e9 et service, qui ont cr\u00e9\u00e9 la base du succ\u00e8s. \u00c0 l&rsquo;avenir, Wan Ja Shan s&rsquo;engagera davantage \u00e0 cr\u00e9er et \u00e0 am\u00e9liorer l&rsquo;essence des sauces asiatiques traditionnelles en introduisant des produits plus r\u00e9cents et plus sains pour les consommateurs de plus en plus sophistiqu\u00e9s du monde entier.<\/p>\n        <p>Plus r\u00e9cemment, pour r\u00e9pondre \u00e0 la demande croissante et \u00e0 la popularit\u00e9 des aliments naturels dans le monde entier, Wan Ja Shan a r\u00e9alis\u00e9 des investissements suppl\u00e9mentaires dans ses installations, ce qui lui a permis de fabriquer de la sauce de soja SANS OGM, BIOLOGIQUE et SANS GLUTEN pour satisfaire les consommateurs les plus soucieux de leur sant\u00e9.<\/p>\n    <\/div>\n    \n    <div class=\"clearfix\"><\/div>\n    <div class=\"TimeBlock\">\n        <div class=\"TimeImg\">\n            <img decoding=\"async\" src=\"https:\/\/i0a.410.myftpupload.com\/wp-content\/uploads\/2021\/11\/TIMEPIC-02.jpg\" alt=\"BrewImg\">\n        <\/div>\n        <div class=\"TimeInfo\">\n            <ul>\n            <li>\n                <h4>Cr\u00e9\u00e9 en 1975<\/h4>\n                <p>Situ\u00e9 dans la vall\u00e9e de l&rsquo;Hudson \u00e0 New York<\/p>\n                <p>Utilisant des graines de soja et du bl\u00e9 s\u00e9lectionn\u00e9s de premi\u00e8re qualit\u00e9 en provenance des \u00c9tats-Unis<\/p>\n                <\/li>\n            <li>\n                <h4>Lancement de la gamme bio en 2003<\/h4>\n                <p>Exportation vers l&rsquo;UE, Isra\u00ebl, Australie, Vietnam\u2026.etc.<\/p>\n                <p>L&rsquo;une des trois brasseries de sauce soja naturelle aux \u00c9tats-Unis\n Plusieurs agrandissements d&rsquo;installations<\/p>\n                <p>Meilleur ingr\u00e9dient pour vinaigrette, viande s\u00e9ch\u00e9e, sauce barbecue\n Fermentation traditionnelle<\/p>\n            <\/li>\n            <li>\n                <h4>Soci\u00e9t\u00e9 s\u0153ur de WANJASHAN Brewery Co., LTD. Fond\u00e9e en 1945<\/h4>\n                <\/li>\n            <\/ul>\n        <\/div>\n        <div class=\"clearfix\"><\/div>\n    <\/div>\n    <div class=\"TimeLine\">\n    <h3>CALENDRIER DE L&rsquo;ENTREPRISE<\/h3>\n        <ul>\n            <li><span>1945<\/span> &#8211; cr\u00e9ation de la brasserie Wan Ja Shan \u00e0 Taiwan<\/li>\n            <li><span>1975<\/span> &#8211; cr\u00e9ation d&rsquo;une brasserie \u00e0 New York<\/li>\n            <li><span>1987<\/span> &#8211; premi\u00e8re extension<\/li>\n            <li><span>1994<\/span> &#8211; deuxi\u00e8me extension <\/li>\n            <li><span>2003<\/span> &#8211; production biologique<\/li>\n        <\/ul>\n    <\/div>\n<\/div>\n\n\n\n<p><\/p>\n","protected":false},"excerpt":{"rendered":"<p>.BrewTop{ image d&rsquo;arri\u00e8re-plan&nbsp;: url(&lsquo;https:\/\/wanjashan.com\/wp-content\/uploads\/2022\/03\/profilebanner01.jpg&rsquo;); } BREWING SAUCE SOJA AR\u00d4ME DANS 10 000 FOYERS Depuis notre cr\u00e9ation en 1945, Wan Ja Shan Brewery Co., Ltd. est devenu l&rsquo;un des principaux fabricants de sauce de soja brass\u00e9e naturellement \u00e0 Ta\u00efwan, aux \u00c9tats-Unis et en Chine avec une distribution \u00e0 une base mondiale de d\u00e9taillants, de restaurants et&hellip;&nbsp;<a href=\"https:\/\/wanjashan.com\/fr\/brasser-la-sauce-soja\/\" rel=\"bookmark\">Read More &raquo;<span class=\"screen-reader-text\">Brasser la sauce soja<\/span><\/a><\/p>\n","protected":false},"author":1,"featured_media":0,"parent":0,"menu_order":2,"comment_status":"closed","ping_status":"closed","template":"","meta":{"_coblocks_attr":"","_coblocks_dimensions":"","_coblocks_responsive_height":"","_coblocks_accordion_ie_support":"","neve_meta_sidebar":"","neve_meta_container":"","neve_meta_enable_content_width":"on","neve_meta_content_width":100,"neve_meta_title_alignment":"","neve_meta_author_avatar":"","neve_post_elements_order":"","neve_meta_disable_header":"","neve_meta_disable_footer":"","neve_meta_disable_title":"on","footnotes":""},"class_list":["post-2887","page","type-page","status-publish","hentry"],"jetpack_sharing_enabled":true,"_links":{"self":[{"href":"https:\/\/wanjashan.com\/fr\/wp-json\/wp\/v2\/pages\/2887","targetHints":{"allow":["GET"]}}],"collection":[{"href":"https:\/\/wanjashan.com\/fr\/wp-json\/wp\/v2\/pages"}],"about":[{"href":"https:\/\/wanjashan.com\/fr\/wp-json\/wp\/v2\/types\/page"}],"author":[{"embeddable":true,"href":"https:\/\/wanjashan.com\/fr\/wp-json\/wp\/v2\/users\/1"}],"replies":[{"embeddable":true,"href":"https:\/\/wanjashan.com\/fr\/wp-json\/wp\/v2\/comments?post=2887"}],"version-history":[{"count":3,"href":"https:\/\/wanjashan.com\/fr\/wp-json\/wp\/v2\/pages\/2887\/revisions"}],"predecessor-version":[{"id":2900,"href":"https:\/\/wanjashan.com\/fr\/wp-json\/wp\/v2\/pages\/2887\/revisions\/2900"}],"wp:attachment":[{"href":"https:\/\/wanjashan.com\/fr\/wp-json\/wp\/v2\/media?parent=2887"}],"curies":[{"name":"wp","href":"https:\/\/api.w.org\/{rel}","templated":true}]}}