{"id":2685,"date":"2021-02-20T10:22:27","date_gmt":"2021-02-20T15:22:27","guid":{"rendered":"https:\/\/wanjashan.com\/product\/sauce-hoisin\/"},"modified":"2022-04-25T16:46:15","modified_gmt":"2022-04-25T20:46:15","slug":"sauce-hoisin","status":"publish","type":"product","link":"https:\/\/wanjashan.com\/fr\/produit\/sauce-hoisin\/","title":{"rendered":"Sauce Hoisin"},"content":{"rendered":"","protected":false},"excerpt":{"rendered":"<div class=\"short-description\">\n<h2>Ingr\u00e9dients<\/h2>\n<p>Soja, Sauce Soja (Eau, Soja, Bl\u00e9, Sel), Sucre, Vinaigre, Amidon modifi\u00e9, Oignon Moulu, Ail Moulu et Conservateur: Benzoate de sodium.<\/p>\n<h2>Allerg\u00e8nes<\/h2>\n<p>Soja\uff0cBl\u00e9<\/p>\n<h2>Volume disponible :<\/h2>\n<p>8 fl oz(240g)\u30011 gallon (3.7 l)\u30015 gallon (18 l)\u300155 gallon (208 l)<\/p>\n<div class=\"pop-button\">\n<div class=\"Hint\">cliquez pour afficher les informations nutritionnelles compl\u00e8tes<\/div>\n[sg_popup id=\"2050\" event=\"click\"]Valeur Nutritive[\/sg_popup]<\/div>\n<p class=\"alert-info\">Veuillez consulter l&rsquo;\u00e9tiquette du produit pour les informations les plus pr\u00e9cises sur les allerg\u00e8nes, la nutrition et les ingr\u00e9dients.<\/p>\n<\/div>\n","protected":false},"featured_media":2262,"template":"","meta":{"_coblocks_attr":"","_coblocks_dimensions":"","_coblocks_responsive_height":"","_coblocks_accordion_ie_support":"","neve_meta_sidebar":"","neve_meta_container":"","neve_meta_enable_content_width":"off","neve_meta_content_width":70,"neve_meta_title_alignment":"","neve_meta_author_avatar":"","neve_post_elements_order":"","neve_meta_disable_header":"","neve_meta_disable_footer":"","neve_meta_disable_title":""},"product_brand":[],"product_cat":[64,65,61],"product_tag":[77,70,73],"class_list":{"0":"post-2685","1":"product","2":"type-product","3":"status-publish","4":"has-post-thumbnail","6":"product_cat-agroalimentaire","7":"product_cat-home-cooking-fr","8":"product_cat-restauration","9":"product_tag-condiment-fr","10":"product_tag-kasher","11":"product_tag-vegan-fr","13":"first","14":"instock","15":"shipping-taxable","16":"product-type-simple"},"jetpack_sharing_enabled":true,"_links":{"self":[{"href":"https:\/\/wanjashan.com\/fr\/wp-json\/wp\/v2\/product\/2685","targetHints":{"allow":["GET"]}}],"collection":[{"href":"https:\/\/wanjashan.com\/fr\/wp-json\/wp\/v2\/product"}],"about":[{"href":"https:\/\/wanjashan.com\/fr\/wp-json\/wp\/v2\/types\/product"}],"wp:featuredmedia":[{"embeddable":true,"href":"https:\/\/wanjashan.com\/fr\/wp-json\/wp\/v2\/media\/2262"}],"wp:attachment":[{"href":"https:\/\/wanjashan.com\/fr\/wp-json\/wp\/v2\/media?parent=2685"}],"wp:term":[{"taxonomy":"product_brand","embeddable":true,"href":"https:\/\/wanjashan.com\/fr\/wp-json\/wp\/v2\/product_brand?post=2685"},{"taxonomy":"product_cat","embeddable":true,"href":"https:\/\/wanjashan.com\/fr\/wp-json\/wp\/v2\/product_cat?post=2685"},{"taxonomy":"product_tag","embeddable":true,"href":"https:\/\/wanjashan.com\/fr\/wp-json\/wp\/v2\/product_tag?post=2685"}],"curies":[{"name":"wp","href":"https:\/\/api.w.org\/{rel}","templated":true}]}}