{"id":2741,"date":"2022-03-23T04:10:30","date_gmt":"2022-03-23T08:10:30","guid":{"rendered":"https:\/\/wanjashan.com\/product\/mirin-vin-de-riz-sucre\/"},"modified":"2022-04-25T15:09:23","modified_gmt":"2022-04-25T19:09:23","slug":"mirin-vin-de-riz-sucre","status":"publish","type":"product","link":"https:\/\/wanjashan.com\/fr\/produit\/mirin-vin-de-riz-sucre\/","title":{"rendered":"Mirin (Vin de Riz Sucr\u00e9)"},"content":{"rendered":"","protected":false},"excerpt":{"rendered":"<div class=\"short-description\">\n<ul>\n<li>utiliser du sucre au lieu du sirop de ma\u00efs<\/li>\n<li>Id\u00e9al pour : viande rouge, fruits de mer, l\u00e9gumes, viande blanche<\/li>\n<li>Utilis\u00e9 pour : vinaigrette, grill\u00e9, trempette, saut\u00e9, marinade, barbecue, combin\u00e9 avec d&rsquo;autres condiments.<\/li>\n<\/ul>\n<h2>Ingr\u00e9dients<\/h2>\n<p>Sucre, Eau, Alcool, Sel et Riz Gluant.<\/p>\n<h2>Allerg\u00e8nes<\/h2>\n<\/p>\n<h2>Volume disponible :<\/h2>\n<p>15 onces liquides (450 ml)\u300150 onces liquides (1500 ml)\u300155 gallons (208 litres)<\/p>\n<div class=\"pop-button\">\n<div class=\"Hint\">cliquez pour afficher les informations nutritionnelles compl\u00e8tes<\/div>\n[sg_popup id=\"2221\" event=\"click\"]Valeur Nutritive[\/sg_popup]<\/div>\n<p class=\"alert-info\">Veuillez consulter l&rsquo;\u00e9tiquette du produit pour les informations les plus pr\u00e9cises sur les allerg\u00e8nes, la nutrition et les ingr\u00e9dients.<\/p>\n<\/div>\n","protected":false},"featured_media":2228,"template":"","meta":{"_coblocks_attr":"","_coblocks_dimensions":"","_coblocks_responsive_height":"","_coblocks_accordion_ie_support":"","neve_meta_sidebar":"","neve_meta_container":"","neve_meta_enable_content_width":"off","neve_meta_content_width":100,"neve_meta_title_alignment":"","neve_meta_author_avatar":"","neve_post_elements_order":"","neve_meta_disable_header":"","neve_meta_disable_footer":"","neve_meta_disable_title":""},"product_brand":[],"product_cat":[65],"product_tag":[77,85,79,73],"class_list":{"0":"post-2741","1":"product","2":"type-product","3":"status-publish","4":"has-post-thumbnail","6":"product_cat-home-cooking-fr","7":"product_tag-condiment-fr","8":"product_tag-non-ogm","9":"product_tag-sans-gluten","10":"product_tag-vegan-fr","12":"first","13":"instock","14":"shipping-taxable","15":"product-type-simple"},"_links":{"self":[{"href":"https:\/\/wanjashan.com\/fr\/wp-json\/wp\/v2\/product\/2741","targetHints":{"allow":["GET"]}}],"collection":[{"href":"https:\/\/wanjashan.com\/fr\/wp-json\/wp\/v2\/product"}],"about":[{"href":"https:\/\/wanjashan.com\/fr\/wp-json\/wp\/v2\/types\/product"}],"wp:featuredmedia":[{"embeddable":true,"href":"https:\/\/wanjashan.com\/fr\/wp-json\/wp\/v2\/media\/2228"}],"wp:attachment":[{"href":"https:\/\/wanjashan.com\/fr\/wp-json\/wp\/v2\/media?parent=2741"}],"wp:term":[{"taxonomy":"product_brand","embeddable":true,"href":"https:\/\/wanjashan.com\/fr\/wp-json\/wp\/v2\/product_brand?post=2741"},{"taxonomy":"product_cat","embeddable":true,"href":"https:\/\/wanjashan.com\/fr\/wp-json\/wp\/v2\/product_cat?post=2741"},{"taxonomy":"product_tag","embeddable":true,"href":"https:\/\/wanjashan.com\/fr\/wp-json\/wp\/v2\/product_tag?post=2741"}],"curies":[{"name":"wp","href":"https:\/\/api.w.org\/{rel}","templated":true}]}}