{"id":2762,"date":"2022-03-23T06:00:24","date_gmt":"2022-03-23T10:00:24","guid":{"rendered":"https:\/\/wanjashan.com\/product\/sauce-piquante-worcestershire-biologique\/"},"modified":"2022-04-25T14:19:20","modified_gmt":"2022-04-25T18:19:20","slug":"sauce-worcestershire-piquante-biologique","status":"publish","type":"product","link":"https:\/\/wanjashan.com\/fr\/produit\/sauce-worcestershire-piquante-biologique\/","title":{"rendered":"Sauce Worcestershire Piquante Biologique"},"content":{"rendered":"","protected":false},"excerpt":{"rendered":"<div class=\"short-description\">\n<h2>Ingr\u00e9dients<\/h2>\n<p>Vinaigre Biologique, Sauce de Soja Biologique Sans Gluten (Eau, Soja Biologique, et Sel), Jus de Canne \u00e0 Sucre \u00c9vapor\u00e9 Biologique, Sel, \u00c9pices Biologiques, et Poudre de Cayenne Biologique.<\/p>\n<h2>Allerg\u00e8nes<\/h2>\n<p>Soja<\/p>\n<h2>Volume disponible :<\/h2>\n<p>10 onces liquides (300 ml)<\/p>\n<div class=\"pop-button\">\n<div class=\"Hint\">cliquez pour afficher les informations nutritionnelles compl\u00e8tes<\/div>\n[sg_popup id=\"2282\" event=\"click\"]Valeur Nutritive[\/sg_popup]<\/div>\n<p class=\"alert-info\">Veuillez consulter l&rsquo;\u00e9tiquette du produit pour les informations les plus pr\u00e9cises sur les allerg\u00e8nes, la nutrition et les ingr\u00e9dients.<\/p>\n<\/div>\n","protected":false},"featured_media":2327,"template":"","meta":{"_coblocks_attr":"","_coblocks_dimensions":"","_coblocks_responsive_height":"","_coblocks_accordion_ie_support":"","neve_meta_sidebar":"","neve_meta_container":"","neve_meta_enable_content_width":"off","neve_meta_content_width":100,"neve_meta_title_alignment":"","neve_meta_author_avatar":"","neve_post_elements_order":"","neve_meta_disable_header":"","neve_meta_disable_footer":"","neve_meta_disable_title":""},"product_brand":[],"product_cat":[64,65,61],"product_tag":[88,77,70,85,73],"class_list":{"0":"post-2762","1":"product","2":"type-product","3":"status-publish","4":"has-post-thumbnail","6":"product_cat-agroalimentaire","7":"product_cat-home-cooking-fr","8":"product_cat-restauration","9":"product_tag-biologique","10":"product_tag-condiment-fr","11":"product_tag-kasher","12":"product_tag-non-ogm","13":"product_tag-vegan-fr","15":"first","16":"instock","17":"shipping-taxable","18":"product-type-simple"},"_links":{"self":[{"href":"https:\/\/wanjashan.com\/fr\/wp-json\/wp\/v2\/product\/2762","targetHints":{"allow":["GET"]}}],"collection":[{"href":"https:\/\/wanjashan.com\/fr\/wp-json\/wp\/v2\/product"}],"about":[{"href":"https:\/\/wanjashan.com\/fr\/wp-json\/wp\/v2\/types\/product"}],"wp:featuredmedia":[{"embeddable":true,"href":"https:\/\/wanjashan.com\/fr\/wp-json\/wp\/v2\/media\/2327"}],"wp:attachment":[{"href":"https:\/\/wanjashan.com\/fr\/wp-json\/wp\/v2\/media?parent=2762"}],"wp:term":[{"taxonomy":"product_brand","embeddable":true,"href":"https:\/\/wanjashan.com\/fr\/wp-json\/wp\/v2\/product_brand?post=2762"},{"taxonomy":"product_cat","embeddable":true,"href":"https:\/\/wanjashan.com\/fr\/wp-json\/wp\/v2\/product_cat?post=2762"},{"taxonomy":"product_tag","embeddable":true,"href":"https:\/\/wanjashan.com\/fr\/wp-json\/wp\/v2\/product_tag?post=2762"}],"curies":[{"name":"wp","href":"https:\/\/api.w.org\/{rel}","templated":true}]}}