{"id":2779,"date":"2022-03-23T23:48:17","date_gmt":"2022-03-24T03:48:17","guid":{"rendered":"https:\/\/wanjashan.com\/product\/glacage-bbq-epice-ail-biologique\/"},"modified":"2022-04-20T16:19:35","modified_gmt":"2022-04-20T20:19:35","slug":"sauce-bbq-epice-a-lail-biologique","status":"publish","type":"product","link":"https:\/\/wanjashan.com\/fr\/produit\/sauce-bbq-epice-a-lail-biologique\/","title":{"rendered":"Sauce BBQ \u00c9pic\u00e9 \u00e0 l&rsquo;ail Biologique"},"content":{"rendered":"","protected":false},"excerpt":{"rendered":"<div class=\"short-description\">\n<h2>Ingr\u00e9dients<\/h2>\n<p>Sauce de Soja Biologique Sans Gluten (Eau, Soja Biologique, Sel, Alcool Biologique), Sucre Biologique, Eau, Vinaigre Biologique, Ma\u00efzena biologique, Extrait de Ail Biologique, Gomme de Guar Biologique, Ail Biologique en Poudre, Extrait de Poivre de Cayenne Biologique, Poudre de Cayenne Biologique.<\/p>\n<h2>Allerg\u00e8nes<\/h2>\n<p>Soja<\/p>\n<h2>Volume disponible :<\/h2>\n<p>15 fl oz (450 ml)<\/p>\n<div class=\"pop-button\">\n<div class=\"Hint\">cliquez pour afficher les informations nutritionnelles compl\u00e8tes<\/div>\n[sg_popup id=\"2366\" event=\"click\"]Valeur Nutritive[\/sg_popup]<\/div>\n<p class=\"alert-info\">Veuillez consulter l&rsquo;\u00e9tiquette du produit pour les informations les plus pr\u00e9cises sur les allerg\u00e8nes, la nutrition et les ingr\u00e9dients.<\/p>\n<\/div>\n","protected":false},"featured_media":2373,"template":"","meta":{"_coblocks_attr":"","_coblocks_dimensions":"","_coblocks_responsive_height":"","_coblocks_accordion_ie_support":"","neve_meta_sidebar":"","neve_meta_container":"","neve_meta_enable_content_width":"off","neve_meta_content_width":100,"neve_meta_title_alignment":"","neve_meta_author_avatar":"","neve_post_elements_order":"","neve_meta_disable_header":"","neve_meta_disable_footer":"","neve_meta_disable_title":""},"product_brand":[],"product_cat":[65],"product_tag":[88,77,70,85,79,73],"class_list":{"0":"post-2779","1":"product","2":"type-product","3":"status-publish","4":"has-post-thumbnail","6":"product_cat-home-cooking-fr","7":"product_tag-biologique","8":"product_tag-condiment-fr","9":"product_tag-kasher","10":"product_tag-non-ogm","11":"product_tag-sans-gluten","12":"product_tag-vegan-fr","14":"first","15":"instock","16":"shipping-taxable","17":"product-type-simple"},"_links":{"self":[{"href":"https:\/\/wanjashan.com\/fr\/wp-json\/wp\/v2\/product\/2779","targetHints":{"allow":["GET"]}}],"collection":[{"href":"https:\/\/wanjashan.com\/fr\/wp-json\/wp\/v2\/product"}],"about":[{"href":"https:\/\/wanjashan.com\/fr\/wp-json\/wp\/v2\/types\/product"}],"wp:featuredmedia":[{"embeddable":true,"href":"https:\/\/wanjashan.com\/fr\/wp-json\/wp\/v2\/media\/2373"}],"wp:attachment":[{"href":"https:\/\/wanjashan.com\/fr\/wp-json\/wp\/v2\/media?parent=2779"}],"wp:term":[{"taxonomy":"product_brand","embeddable":true,"href":"https:\/\/wanjashan.com\/fr\/wp-json\/wp\/v2\/product_brand?post=2779"},{"taxonomy":"product_cat","embeddable":true,"href":"https:\/\/wanjashan.com\/fr\/wp-json\/wp\/v2\/product_cat?post=2779"},{"taxonomy":"product_tag","embeddable":true,"href":"https:\/\/wanjashan.com\/fr\/wp-json\/wp\/v2\/product_tag?post=2779"}],"curies":[{"name":"wp","href":"https:\/\/api.w.org\/{rel}","templated":true}]}}