{"id":2789,"date":"2022-03-24T03:13:33","date_gmt":"2022-03-24T07:13:33","guid":{"rendered":"https:\/\/wanjashan.com\/product\/ponzu-sauce-soja-aux-agrumes\/"},"modified":"2022-04-20T15:33:30","modified_gmt":"2022-04-20T19:33:30","slug":"sauce-ponzu-sauce-soja-au-citron","status":"publish","type":"product","link":"https:\/\/wanjashan.com\/fr\/produit\/sauce-ponzu-sauce-soja-au-citron\/","title":{"rendered":"Sauce Ponzu ( Sauce Soja au Citron )"},"content":{"rendered":"","protected":false},"excerpt":{"rendered":"<div class=\"short-description\">\n<ul>\n<li>Utilisant la sauce soja comme base<\/li>\n<li>Au go\u00fbt de citron<\/li>\n<li>M\u00e9lang\u00e9 avec du vinaigre<\/li>\n<li>Moins de sel que la sauce soja<\/li>\n<li>Id\u00e9al pour : viande rouge, fruits de mer, l\u00e9gumes, viande blanche <\/li>\n<li>Utilis\u00e9 pour : vinaigrette, grill\u00e9, trempette, saut\u00e9, marinade.<\/li>\n<\/ul>\n<h2>Ingr\u00e9dients<\/h2>\n<p>Eau, Tamari Biologique Sans Bl\u00e9 (Eau, Soja Biologique, Sel), Sucre, Vinaigre, Sel, Ar\u00f4me Naturel de Citron.<\/p>\n<h2>Allerg\u00e8nes<\/h2>\n<p>Soja\uff0cBl\u00e9<\/p>\n<h2>Volume disponible :<\/h2>\n<p>10 fl oz (300 ml) \u3001 5 gallons (18 l) \u3001 55 gallons (208 l)<\/p>\n<div class=\"pop-button\">\n<div class=\"Hint\">cliquez pour afficher les informations nutritionnelles compl\u00e8tes<\/div>\n[sg_popup id=\"2458\" event=\"click\"]Valeur Nutritive[\/sg_popup]<\/div>\n<p class=\"alert-info\">Veuillez consulter l&rsquo;\u00e9tiquette du produit pour les informations les plus pr\u00e9cises sur les allerg\u00e8nes, la nutrition et les ingr\u00e9dients.<\/p>\n<\/div>\n","protected":false},"featured_media":2465,"template":"","meta":{"_coblocks_attr":"","_coblocks_dimensions":"","_coblocks_responsive_height":"","_coblocks_accordion_ie_support":"","neve_meta_sidebar":"","neve_meta_container":"","neve_meta_enable_content_width":"off","neve_meta_content_width":100,"neve_meta_title_alignment":"","neve_meta_author_avatar":"","neve_post_elements_order":"","neve_meta_disable_header":"","neve_meta_disable_footer":"","neve_meta_disable_title":""},"product_brand":[],"product_cat":[64,65,61],"product_tag":[77,70,73],"class_list":{"0":"post-2789","1":"product","2":"type-product","3":"status-publish","4":"has-post-thumbnail","6":"product_cat-agroalimentaire","7":"product_cat-home-cooking-fr","8":"product_cat-restauration","9":"product_tag-condiment-fr","10":"product_tag-kasher","11":"product_tag-vegan-fr","13":"first","14":"instock","15":"shipping-taxable","16":"product-type-simple"},"_links":{"self":[{"href":"https:\/\/wanjashan.com\/fr\/wp-json\/wp\/v2\/product\/2789","targetHints":{"allow":["GET"]}}],"collection":[{"href":"https:\/\/wanjashan.com\/fr\/wp-json\/wp\/v2\/product"}],"about":[{"href":"https:\/\/wanjashan.com\/fr\/wp-json\/wp\/v2\/types\/product"}],"wp:featuredmedia":[{"embeddable":true,"href":"https:\/\/wanjashan.com\/fr\/wp-json\/wp\/v2\/media\/2465"}],"wp:attachment":[{"href":"https:\/\/wanjashan.com\/fr\/wp-json\/wp\/v2\/media?parent=2789"}],"wp:term":[{"taxonomy":"product_brand","embeddable":true,"href":"https:\/\/wanjashan.com\/fr\/wp-json\/wp\/v2\/product_brand?post=2789"},{"taxonomy":"product_cat","embeddable":true,"href":"https:\/\/wanjashan.com\/fr\/wp-json\/wp\/v2\/product_cat?post=2789"},{"taxonomy":"product_tag","embeddable":true,"href":"https:\/\/wanjashan.com\/fr\/wp-json\/wp\/v2\/product_tag?post=2789"}],"curies":[{"name":"wp","href":"https:\/\/api.w.org\/{rel}","templated":true}]}}