{"id":2791,"date":"2022-03-24T02:58:29","date_gmt":"2022-03-24T06:58:29","guid":{"rendered":"https:\/\/wanjashan.com\/product\/sauce-worcestershire-biologique\/"},"modified":"2023-04-12T12:30:51","modified_gmt":"2023-04-12T16:30:51","slug":"sauce-worcestershire-biologique","status":"publish","type":"product","link":"https:\/\/wanjashan.com\/fr\/produit\/sauce-worcestershire-biologique\/","title":{"rendered":"Sauce Worcestershire Biologique"},"content":{"rendered":"","protected":false},"excerpt":{"rendered":"<div class=\"short-description\">\n<h2>Description du produit<\/h2>\n<p>Vous cherchez une sauce Worcestershire sans gluten, biologique et v\u00e9g\u00e9talienne pour rehausser le go\u00fbt de vos plats? Ne cherchez pas plus loin que notre sauce Worcestershire ! Faite avec des ingr\u00e9dients naturels et non-OGM, notre sauce offre un profil de saveur complexe qui est parfait pour mariner, griller ou ajouter \u00e0 des soupes et des rago\u00fbts. Que vous soyez un amateur de cuisine soucieux de votre sant\u00e9 ou simplement \u00e0 la recherche d&rsquo;un condiment d\u00e9licieux et polyvalent, notre sauce Worcestershire sans gluten, biologique et v\u00e9g\u00e9talienne est le choix parfait pour votre cuisine.<\/p>\n<h2>Ingr\u00e9dients<\/h2>\n<p>Eau, Vinaigre Biologique, Sauce de Soja Biologique Sans Gluten (Eau, Soja Biologique et Sel), Sucre Biologique, Sel, Ail Biologique en Poudre, Oignon Biologique en Poudre et \u00c9pices Biologiques.<\/p>\n<h2>Allerg\u00e8nes<\/h2>\n<p>Soja<\/p>\n<h2>Volume disponible :<\/h2>\n<p>10 fl oz (300 ml) 15 fl oz (450 ml) 1 gallon (3,7 l) 5 gallons (18 l) 55 gallons (208 l)<\/p>\n<div class=\"pop-button\">\n<div class=\"Hint\">cliquez pour afficher les informations nutritionnelles compl\u00e8tes<\/div>\n[sg_popup id=\"2441\" event=\"click\"]Valeur Nutritive[\/sg_popup]<\/div>\n<p class=\"alert-info\">Veuillez consulter l&rsquo;\u00e9tiquette du produit pour les informations les plus pr\u00e9cises sur les allerg\u00e8nes, la nutrition et les ingr\u00e9dients.<\/p>\n<\/div>\n","protected":false},"featured_media":2448,"template":"","meta":{"_coblocks_attr":"","_coblocks_dimensions":"","_coblocks_responsive_height":"","_coblocks_accordion_ie_support":"","neve_meta_sidebar":"","neve_meta_container":"","neve_meta_enable_content_width":"off","neve_meta_content_width":100,"neve_meta_title_alignment":"","neve_meta_author_avatar":"","neve_post_elements_order":"","neve_meta_disable_header":"","neve_meta_disable_footer":"","neve_meta_disable_title":""},"product_brand":[],"product_cat":[64,65,61],"product_tag":[88,77,70,85,79,73],"class_list":{"0":"post-2791","1":"product","2":"type-product","3":"status-publish","4":"has-post-thumbnail","6":"product_cat-agroalimentaire","7":"product_cat-home-cooking-fr","8":"product_cat-restauration","9":"product_tag-biologique","10":"product_tag-condiment-fr","11":"product_tag-kasher","12":"product_tag-non-ogm","13":"product_tag-sans-gluten","14":"product_tag-vegan-fr","16":"first","17":"instock","18":"shipping-taxable","19":"product-type-simple"},"_links":{"self":[{"href":"https:\/\/wanjashan.com\/fr\/wp-json\/wp\/v2\/product\/2791","targetHints":{"allow":["GET"]}}],"collection":[{"href":"https:\/\/wanjashan.com\/fr\/wp-json\/wp\/v2\/product"}],"about":[{"href":"https:\/\/wanjashan.com\/fr\/wp-json\/wp\/v2\/types\/product"}],"wp:featuredmedia":[{"embeddable":true,"href":"https:\/\/wanjashan.com\/fr\/wp-json\/wp\/v2\/media\/2448"}],"wp:attachment":[{"href":"https:\/\/wanjashan.com\/fr\/wp-json\/wp\/v2\/media?parent=2791"}],"wp:term":[{"taxonomy":"product_brand","embeddable":true,"href":"https:\/\/wanjashan.com\/fr\/wp-json\/wp\/v2\/product_brand?post=2791"},{"taxonomy":"product_cat","embeddable":true,"href":"https:\/\/wanjashan.com\/fr\/wp-json\/wp\/v2\/product_cat?post=2791"},{"taxonomy":"product_tag","embeddable":true,"href":"https:\/\/wanjashan.com\/fr\/wp-json\/wp\/v2\/product_tag?post=2791"}],"curies":[{"name":"wp","href":"https:\/\/api.w.org\/{rel}","templated":true}]}}