{"id":2809,"date":"2022-03-24T03:47:25","date_gmt":"2022-03-24T07:47:25","guid":{"rendered":"https:\/\/wanjashan.com\/product\/glacage-au-soja-de-premiere-qualite\/"},"modified":"2022-04-20T15:17:08","modified_gmt":"2022-04-20T19:17:08","slug":"sauce-de-soja-epaisse-2","status":"publish","type":"product","link":"https:\/\/wanjashan.com\/fr\/produit\/sauce-de-soja-epaisse-2\/","title":{"rendered":"Sauce de Soja \u00c9paisse"},"content":{"rendered":"","protected":false},"excerpt":{"rendered":"<div class=\"short-description\">\n<h2>Ingr\u00e9dients<\/h2>\n<p>Eau, Sucre, NON OGM Soja, Bl\u00e9, Sel, Ma\u00efzena, Extraits de levures, Conservateur: Benzoate de sodium et Champognons moulus.<\/p>\n<h2>Allerg\u00e8nes<\/h2>\n<p>Soja, Bl\u00e9<\/p>\n<h2>Volume disponible :<\/h2>\n<p>16,9 onces liquides (500 ml)<\/p>\n<div class=\"pop-button\">\n<div class=\"Hint\">cliquez pour afficher les informations nutritionnelles compl\u00e8tes<\/div>\n[sg_popup id=\"2489\" event=\"click\"]Valeur Nutritive[\/sg_popup]<\/div>\n<p class=\"alert-info\">Veuillez consulter l&rsquo;\u00e9tiquette du produit pour les informations les plus pr\u00e9cises sur les allerg\u00e8nes, la nutrition et les ingr\u00e9dients.<\/p>\n<\/div>\n","protected":false},"featured_media":2496,"template":"","meta":{"_coblocks_attr":"","_coblocks_dimensions":"","_coblocks_responsive_height":"","_coblocks_accordion_ie_support":"","neve_meta_sidebar":"","neve_meta_container":"","neve_meta_enable_content_width":"off","neve_meta_content_width":100,"neve_meta_title_alignment":"","neve_meta_author_avatar":"","neve_post_elements_order":"","neve_meta_disable_header":"","neve_meta_disable_footer":"","neve_meta_disable_title":""},"product_brand":[],"product_cat":[65],"product_tag":[77,85,73],"class_list":{"0":"post-2809","1":"product","2":"type-product","3":"status-publish","4":"has-post-thumbnail","6":"product_cat-home-cooking-fr","7":"product_tag-condiment-fr","8":"product_tag-non-ogm","9":"product_tag-vegan-fr","11":"first","12":"instock","13":"shipping-taxable","14":"product-type-simple"},"_links":{"self":[{"href":"https:\/\/wanjashan.com\/fr\/wp-json\/wp\/v2\/product\/2809","targetHints":{"allow":["GET"]}}],"collection":[{"href":"https:\/\/wanjashan.com\/fr\/wp-json\/wp\/v2\/product"}],"about":[{"href":"https:\/\/wanjashan.com\/fr\/wp-json\/wp\/v2\/types\/product"}],"wp:featuredmedia":[{"embeddable":true,"href":"https:\/\/wanjashan.com\/fr\/wp-json\/wp\/v2\/media\/2496"}],"wp:attachment":[{"href":"https:\/\/wanjashan.com\/fr\/wp-json\/wp\/v2\/media?parent=2809"}],"wp:term":[{"taxonomy":"product_brand","embeddable":true,"href":"https:\/\/wanjashan.com\/fr\/wp-json\/wp\/v2\/product_brand?post=2809"},{"taxonomy":"product_cat","embeddable":true,"href":"https:\/\/wanjashan.com\/fr\/wp-json\/wp\/v2\/product_cat?post=2809"},{"taxonomy":"product_tag","embeddable":true,"href":"https:\/\/wanjashan.com\/fr\/wp-json\/wp\/v2\/product_tag?post=2809"}],"curies":[{"name":"wp","href":"https:\/\/api.w.org\/{rel}","templated":true}]}}