{"id":2818,"date":"2022-03-24T05:36:37","date_gmt":"2022-03-24T09:36:37","guid":{"rendered":"https:\/\/wanjashan.com\/product\/sauce-soja-tamari\/"},"modified":"2022-04-13T11:23:34","modified_gmt":"2022-04-13T15:23:34","slug":"sauce-soja-tamari","status":"publish","type":"product","link":"https:\/\/wanjashan.com\/fr\/produit\/sauce-soja-tamari\/","title":{"rendered":"Sauce Soja Tamari"},"content":{"rendered":"","protected":false},"excerpt":{"rendered":"<div class=\"short-description\">\n<h2>Ingr\u00e9dients<\/h2>\n<p>Eau, Soja, Bl\u00e9, Sel et Alcool (pour conserver la qualit\u00e9).<\/p>\n<h2>Allerg\u00e8nes<\/h2>\n<p>Soja\uff0cBl\u00e9<\/p>\n<h2>Volume disponible :<\/h2>\n<p>10 fl oz (300 ml) 16,9 fl oz (500 ml) 5 gallons (18 l) 55 gallons (208 l)<\/p>\n<div class=\"pop-button\">\n<div class=\"Hint\">cliquez pour afficher les informations nutritionnelles compl\u00e8tes<\/div>\n[sg_popup id=\"2608\" event=\"click\"]Valeur Nutritive[\/sg_popup]<\/div>\n<p class=\"alert-info\">Veuillez consulter l&rsquo;\u00e9tiquette du produit pour les informations les plus pr\u00e9cises sur les allerg\u00e8nes, la nutrition et les ingr\u00e9dients.<\/p>\n<\/div>\n","protected":false},"featured_media":2615,"template":"","meta":{"_coblocks_attr":"","_coblocks_dimensions":"","_coblocks_responsive_height":"","_coblocks_accordion_ie_support":"","neve_meta_sidebar":"","neve_meta_container":"","neve_meta_enable_content_width":"off","neve_meta_content_width":100,"neve_meta_title_alignment":"","neve_meta_author_avatar":"","neve_post_elements_order":"","neve_meta_disable_header":"","neve_meta_disable_footer":"","neve_meta_disable_title":""},"product_brand":[],"product_cat":[64,65],"product_tag":[70,91,73],"class_list":{"0":"post-2818","1":"product","2":"type-product","3":"status-publish","4":"has-post-thumbnail","6":"product_cat-agroalimentaire","7":"product_cat-home-cooking-fr","8":"product_tag-kasher","9":"product_tag-soja-sauce","10":"product_tag-vegan-fr","12":"first","13":"instock","14":"shipping-taxable","15":"product-type-simple"},"_links":{"self":[{"href":"https:\/\/wanjashan.com\/fr\/wp-json\/wp\/v2\/product\/2818","targetHints":{"allow":["GET"]}}],"collection":[{"href":"https:\/\/wanjashan.com\/fr\/wp-json\/wp\/v2\/product"}],"about":[{"href":"https:\/\/wanjashan.com\/fr\/wp-json\/wp\/v2\/types\/product"}],"wp:featuredmedia":[{"embeddable":true,"href":"https:\/\/wanjashan.com\/fr\/wp-json\/wp\/v2\/media\/2615"}],"wp:attachment":[{"href":"https:\/\/wanjashan.com\/fr\/wp-json\/wp\/v2\/media?parent=2818"}],"wp:term":[{"taxonomy":"product_brand","embeddable":true,"href":"https:\/\/wanjashan.com\/fr\/wp-json\/wp\/v2\/product_brand?post=2818"},{"taxonomy":"product_cat","embeddable":true,"href":"https:\/\/wanjashan.com\/fr\/wp-json\/wp\/v2\/product_cat?post=2818"},{"taxonomy":"product_tag","embeddable":true,"href":"https:\/\/wanjashan.com\/fr\/wp-json\/wp\/v2\/product_tag?post=2818"}],"curies":[{"name":"wp","href":"https:\/\/api.w.org\/{rel}","templated":true}]}}