{"id":5023,"date":"2024-01-04T09:06:09","date_gmt":"2024-01-04T14:06:09","guid":{"rendered":"https:\/\/wanjashan.com\/product\/sauce-soja-en-vrac\/"},"modified":"2024-01-19T13:06:46","modified_gmt":"2024-01-19T18:06:46","slug":"sauce-soja-en-vrac","status":"publish","type":"product","link":"https:\/\/wanjashan.com\/fr\/produit\/sauce-soja-en-vrac\/","title":{"rendered":"Sauce soja"},"content":{"rendered":"","protected":false},"excerpt":{"rendered":"<div class=\"short-description\">\n<p>Pour le chef exigeant et le d\u00e9veloppeur culinaire m\u00e9ticuleux, le go\u00fbt compte. Pr\u00e9sentation de WANJASHAN, la sauce soja de qualit\u00e9 sup\u00e9rieure, naturellement brass\u00e9e, \u00e9labor\u00e9e selon des m\u00e9thodes ancestrales et \u00e0 partir de graines de soja et de bl\u00e9 exceptionnels provenant des \u00c9tats-Unis.<\/p>\n<p>Plus qu&rsquo;un condiment, WANJASHAN est une pierre angulaire de la saveur, offrant :<\/p>\n<ul>\n<li>Profondeur Umami in\u00e9gal\u00e9e&nbsp;: Naturellement ferment\u00e9 pendant des mois, WANJASHAN lib\u00e8re la profonde complexit\u00e9 de l&rsquo;umami, ajoutant de la richesse et des saveurs \u00e0 vos sauces, marinades et plats finis.<\/li>\n<li>\u00c9quilibre d\u00e9licat&nbsp;: d\u00e9couvrez une interaction nuanc\u00e9e de douceur subtile et de saveurs robustes qui rehausse, sans masquer, les saveurs naturelles de vos ingr\u00e9dients.<\/li>\n<li>Innovation polyvalente&nbsp;: lib\u00e9rez votre cr\u00e9ativit\u00e9 dans une large gamme d&rsquo;applications. WANJASHAN brille dans les sauces barbecue, les sauces sp\u00e9ciales, les plats surgel\u00e9s, les plats pr\u00eats \u00e0 manger et comme base pour mijoter les bases, les marinades, les gla\u00e7ages et les touches finales.<\/li>\n<\/ul>\n<h2>Ingr\u00e9dients<\/h2>\n<p>Eau, soja, bl\u00e9, sel et benzoate de sodium.<\/p>\n<h2>Allerg\u00e8nes<\/h2>\n<p>Soja\uff0cBl\u00e9<\/p>\n<h2>Volume disponible :<\/h2>\n<p>5 gallons (18,9 l), 55 gallons (208 l)<\/p>\n<div class=\"pop-button\">\n<p>Pour obtenir les informations les plus pr\u00e9cises sur les allerg\u00e8nes, la nutrition, les ingr\u00e9dients et d\u2019autres informations sur les produits, veuillez envoyer votre demande.<\/p>\n<\/div>\n<\/div>\n","protected":false},"featured_media":5010,"template":"","meta":{"_coblocks_attr":"","_coblocks_dimensions":"","_coblocks_responsive_height":"","_coblocks_accordion_ie_support":"","neve_meta_sidebar":"","neve_meta_container":"","neve_meta_enable_content_width":"off","neve_meta_content_width":70,"neve_meta_title_alignment":"","neve_meta_author_avatar":"","neve_post_elements_order":"","neve_meta_disable_header":"","neve_meta_disable_footer":"","neve_meta_disable_title":""},"product_brand":[],"product_cat":[64],"product_tag":[70,91,73],"class_list":{"0":"post-5023","1":"product","2":"type-product","3":"status-publish","4":"has-post-thumbnail","6":"product_cat-agroalimentaire","7":"product_tag-kasher","8":"product_tag-soja-sauce","9":"product_tag-vegan-fr","11":"first","12":"instock","13":"virtual","14":"product-type-simple"},"jetpack_sharing_enabled":true,"_links":{"self":[{"href":"https:\/\/wanjashan.com\/fr\/wp-json\/wp\/v2\/product\/5023","targetHints":{"allow":["GET"]}}],"collection":[{"href":"https:\/\/wanjashan.com\/fr\/wp-json\/wp\/v2\/product"}],"about":[{"href":"https:\/\/wanjashan.com\/fr\/wp-json\/wp\/v2\/types\/product"}],"wp:featuredmedia":[{"embeddable":true,"href":"https:\/\/wanjashan.com\/fr\/wp-json\/wp\/v2\/media\/5010"}],"wp:attachment":[{"href":"https:\/\/wanjashan.com\/fr\/wp-json\/wp\/v2\/media?parent=5023"}],"wp:term":[{"taxonomy":"product_brand","embeddable":true,"href":"https:\/\/wanjashan.com\/fr\/wp-json\/wp\/v2\/product_brand?post=5023"},{"taxonomy":"product_cat","embeddable":true,"href":"https:\/\/wanjashan.com\/fr\/wp-json\/wp\/v2\/product_cat?post=5023"},{"taxonomy":"product_tag","embeddable":true,"href":"https:\/\/wanjashan.com\/fr\/wp-json\/wp\/v2\/product_tag?post=5023"}],"curies":[{"name":"wp","href":"https:\/\/api.w.org\/{rel}","templated":true}]}}