{"id":5028,"date":"2024-01-04T11:40:13","date_gmt":"2024-01-04T16:40:13","guid":{"rendered":"https:\/\/wanjashan.com\/product\/sauce-soja-2\/"},"modified":"2024-01-19T12:54:23","modified_gmt":"2024-01-19T17:54:23","slug":"sauce-soja-2","status":"publish","type":"product","link":"https:\/\/wanjashan.com\/fr\/produit\/sauce-soja-2\/","title":{"rendered":"Sauce soja"},"content":{"rendered":"","protected":false},"excerpt":{"rendered":"<div class=\"short-description\">\n<p>\u00c9levez votre toile culinaire&nbsp;: WANJASHAN &#8211; Le partenaire Umami essentiel du chef<br \/>\nWANJASHAN n&rsquo;est pas simplement une sauce soja ; c&rsquo;est la base de l&rsquo;excellence culinaire. Fabriqu\u00e9 avec du soja et du bl\u00e9 am\u00e9ricains de premi\u00e8re qualit\u00e9 selon des m\u00e9thodes de fermentation ancestrales, WANJASHAN offre une qualit\u00e9 sans compromis et un go\u00fbt exceptionnel.<\/p>\n<p>Profondeur profonde&nbsp;: des mois de fermentation naturelle lib\u00e8rent le riche spectre de l&rsquo;umami, ajoutant une profondeur et des saveurs in\u00e9gal\u00e9es \u00e0 vos sauces, marinades et plats signature.<br \/>\nComplexit\u00e9 nuanc\u00e9e&nbsp;: d\u00e9couvrez un \u00e9quilibre d\u00e9licat entre le sucr\u00e9 et le sal\u00e9, rehaussant les saveurs inh\u00e9rentes de vos ingr\u00e9dients sans les dominer.<br \/>\nCoh\u00e9rence d&rsquo;un lot \u00e0 l&rsquo;autre&nbsp;: comptez sur une coh\u00e9rence in\u00e9branlable pour garantir que vos cr\u00e9ations culinaires offrent le m\u00eame go\u00fbt et le m\u00eame ar\u00f4me exquis \u00e0 chaque fois.<br \/>\nInnovation culinaire&nbsp;: explorez un spectre illimit\u00e9 d&rsquo;applications et ajoutez une touche savoureuse \u00e0 toutes les cuisines et techniques de cuisson.<br \/>\nEfficacit\u00e9 op\u00e9rationnelle&nbsp;: optimisez votre budget et vos ressources gr\u00e2ce \u00e0 la polyvalence remarquable de WANJASHAN. Une bouteille ouvre une multitude de possibilit\u00e9s culinaires, rationalisant ainsi vos op\u00e9rations de cuisine.<\/p>\n<h2>Ingr\u00e9dients<\/h2>\n<p>Eau, soja, bl\u00e9, sel et benzoate de sodium.<\/p>\n<h2>Allerg\u00e8nes<\/h2>\n<p>Soja\uff0cBl\u00e9<\/p>\n<h2>Volume disponible :<\/h2>\n<p>1 gallon (3,7 l)\u30015 gallons (18 l)<\/p>\n<div class=\"pop-button\">\n<div class=\"Hint\">cliquez pour afficher les informations nutritionnelles compl\u00e8tes<\/div>\n[sg_popup id=\"2543\" event=\"click\"]Valeur Nutritive[\/sg_popup]\n<\/div>\n<p class=\"alert-info\">Veuillez consulter l&rsquo;\u00e9tiquette du produit pour les informations les plus pr\u00e9cises sur les allerg\u00e8nes, la nutrition et les ingr\u00e9dients.<\/p>\n<\/div>\n","protected":false},"featured_media":2562,"template":"","meta":{"_coblocks_attr":"","_coblocks_dimensions":"","_coblocks_responsive_height":"","_coblocks_accordion_ie_support":"","neve_meta_sidebar":"","neve_meta_container":"","neve_meta_enable_content_width":"off","neve_meta_content_width":100,"neve_meta_title_alignment":"","neve_meta_author_avatar":"","neve_post_elements_order":"","neve_meta_disable_header":"","neve_meta_disable_footer":"","neve_meta_disable_title":""},"product_brand":[],"product_cat":[61],"product_tag":[70,91,73],"class_list":{"0":"post-5028","1":"product","2":"type-product","3":"status-publish","4":"has-post-thumbnail","6":"product_cat-restauration","7":"product_tag-kasher","8":"product_tag-soja-sauce","9":"product_tag-vegan-fr","11":"first","12":"instock","13":"shipping-taxable","14":"product-type-simple"},"_links":{"self":[{"href":"https:\/\/wanjashan.com\/fr\/wp-json\/wp\/v2\/product\/5028","targetHints":{"allow":["GET"]}}],"collection":[{"href":"https:\/\/wanjashan.com\/fr\/wp-json\/wp\/v2\/product"}],"about":[{"href":"https:\/\/wanjashan.com\/fr\/wp-json\/wp\/v2\/types\/product"}],"wp:featuredmedia":[{"embeddable":true,"href":"https:\/\/wanjashan.com\/fr\/wp-json\/wp\/v2\/media\/2562"}],"wp:attachment":[{"href":"https:\/\/wanjashan.com\/fr\/wp-json\/wp\/v2\/media?parent=5028"}],"wp:term":[{"taxonomy":"product_brand","embeddable":true,"href":"https:\/\/wanjashan.com\/fr\/wp-json\/wp\/v2\/product_brand?post=5028"},{"taxonomy":"product_cat","embeddable":true,"href":"https:\/\/wanjashan.com\/fr\/wp-json\/wp\/v2\/product_cat?post=5028"},{"taxonomy":"product_tag","embeddable":true,"href":"https:\/\/wanjashan.com\/fr\/wp-json\/wp\/v2\/product_tag?post=5028"}],"curies":[{"name":"wp","href":"https:\/\/api.w.org\/{rel}","templated":true}]}}