{"id":5032,"date":"2024-01-04T14:49:35","date_gmt":"2024-01-04T19:49:35","guid":{"rendered":"https:\/\/wanjashan.com\/product\/vinaigre-de-riz-2\/"},"modified":"2024-01-19T13:33:41","modified_gmt":"2024-01-19T18:33:41","slug":"vinaigre-de-riz-2","status":"publish","type":"product","link":"https:\/\/wanjashan.com\/fr\/produit\/vinaigre-de-riz-2\/","title":{"rendered":"Vinaigre de riz"},"content":{"rendered":"","protected":false},"excerpt":{"rendered":"<div class=\"short-description\">\n<p>Pr\u00e9sentation de notre vinaigre de riz \u00e0 haute acidit\u00e9, sp\u00e9cialement con\u00e7u pour les professionnels de l&rsquo;industrie agroalimentaire. Avec un taux d&rsquo;acidit\u00e9 de 9 %, ce vinaigre offre une saveur audacieuse et acidul\u00e9e parfaite pour ajouter du punch \u00e0 vos cr\u00e9ations culinaires. Que vous soyez sp\u00e9cialiste R&amp;D, responsable des achats ou responsable des op\u00e9rations, notre vinaigre de riz est con\u00e7u pour r\u00e9pondre aux exigences de vos projets ou produits professionnels.<\/p>\n<p>Fabriqu\u00e9 \u00e0 partir de riz s\u00e9lectionn\u00e9 de premi\u00e8re qualit\u00e9 et \u00e9labor\u00e9 selon des m\u00e9thodes traditionnelles, notre vinaigre de riz garantit une qualit\u00e9 constante et un go\u00fbt exceptionnel. Il offre une saveur forte et vibrante qui peut rehausser une large gamme de plats, des vinaigrettes et sauces aux cornichons et marinades. Avec notre vinaigre de riz, vous avez le pouvoir d&rsquo;exp\u00e9rimenter et d&rsquo;innover, en cr\u00e9ant des combinaisons de saveurs uniques et inoubliables.<\/p>\n<p>En tant que professionnel de l\u2019industrie agroalimentaire, vous comprenez l\u2019importance d\u2019ingr\u00e9dients de qualit\u00e9. Notre vinaigre de riz est soigneusement produit pour r\u00e9pondre aux normes les plus \u00e9lev\u00e9es, garantissant qu&rsquo;il offre la saveur robuste et l&rsquo;acidit\u00e9 qu&rsquo;exigent vos cr\u00e9ations culinaires. Faites confiance \u00e0 notre vinaigre de riz pour rehausser vos recettes et inspirer vos efforts culinaires. \u00c9levez vos plats vers de nouveaux sommets avec le go\u00fbt audacieux et piquant de notre vinaigre de riz haut de gamme.<\/p>\n<h2>Ingr\u00e9dients<\/h2>\n<p>Vinaigre de riz. (Dilu\u00e9 avec de l&rsquo;eau jusqu&rsquo;\u00e0 9% d&rsquo;acidit\u00e9)<\/p>\n<h2>Allerg\u00e8nes<\/h2>\n<h2>Volume disponible :<\/h2>\n<p>55 gallons (208 l)<\/p>\n<div class=\"pop-button\">\n<p>Pour obtenir les informations les plus pr\u00e9cises sur les allerg\u00e8nes, la nutrition, les ingr\u00e9dients et d\u2019autres informations sur les produits, veuillez envoyer votre demande.<\/p>\n<\/div>\n<\/div>\n","protected":false},"featured_media":5006,"template":"","meta":{"_coblocks_attr":"","_coblocks_dimensions":"","_coblocks_responsive_height":"","_coblocks_accordion_ie_support":"","neve_meta_sidebar":"","neve_meta_container":"","neve_meta_enable_content_width":"off","neve_meta_content_width":70,"neve_meta_title_alignment":"","neve_meta_author_avatar":"","neve_post_elements_order":"","neve_meta_disable_header":"","neve_meta_disable_footer":"","neve_meta_disable_title":""},"product_brand":[],"product_cat":[64],"product_tag":[70,85,79,73,98],"class_list":{"0":"post-5032","1":"product","2":"type-product","3":"status-publish","4":"has-post-thumbnail","6":"product_cat-agroalimentaire","7":"product_tag-kasher","8":"product_tag-non-ogm","9":"product_tag-sans-gluten","10":"product_tag-vegan-fr","11":"product_tag-vinaigre-fr","13":"first","14":"instock","15":"virtual","16":"product-type-simple"},"jetpack_sharing_enabled":true,"_links":{"self":[{"href":"https:\/\/wanjashan.com\/fr\/wp-json\/wp\/v2\/product\/5032","targetHints":{"allow":["GET"]}}],"collection":[{"href":"https:\/\/wanjashan.com\/fr\/wp-json\/wp\/v2\/product"}],"about":[{"href":"https:\/\/wanjashan.com\/fr\/wp-json\/wp\/v2\/types\/product"}],"wp:featuredmedia":[{"embeddable":true,"href":"https:\/\/wanjashan.com\/fr\/wp-json\/wp\/v2\/media\/5006"}],"wp:attachment":[{"href":"https:\/\/wanjashan.com\/fr\/wp-json\/wp\/v2\/media?parent=5032"}],"wp:term":[{"taxonomy":"product_brand","embeddable":true,"href":"https:\/\/wanjashan.com\/fr\/wp-json\/wp\/v2\/product_brand?post=5032"},{"taxonomy":"product_cat","embeddable":true,"href":"https:\/\/wanjashan.com\/fr\/wp-json\/wp\/v2\/product_cat?post=5032"},{"taxonomy":"product_tag","embeddable":true,"href":"https:\/\/wanjashan.com\/fr\/wp-json\/wp\/v2\/product_tag?post=5032"}],"curies":[{"name":"wp","href":"https:\/\/api.w.org\/{rel}","templated":true}]}}