{"id":5039,"date":"2024-01-04T15:14:58","date_gmt":"2024-01-04T20:14:58","guid":{"rendered":"https:\/\/wanjashan.com\/product\/vinaigre-de-riz-bio\/"},"modified":"2024-01-19T13:06:47","modified_gmt":"2024-01-19T18:06:47","slug":"vinaigre-de-riz-bio","status":"publish","type":"product","link":"https:\/\/wanjashan.com\/fr\/produit\/vinaigre-de-riz-bio\/","title":{"rendered":"Vinaigre de Riz Bio"},"content":{"rendered":"","protected":false},"excerpt":{"rendered":"<div class=\"short-description\">\n<p>Fabriqu\u00e9 avec un d\u00e9vouement m\u00e9ticuleux \u00e0 la qualit\u00e9 et \u00e0 la puret\u00e9, notre vinaigre de riz biologique de qualit\u00e9 sup\u00e9rieure offre une touche distinctive \u00e0 vos cr\u00e9ations culinaires. En utilisant du riz cultiv\u00e9 biologiquement et des techniques de fermentation ancestrales, nous offrons un profil de saveur \u00e9quilibr\u00e9 et complexe qui rehausse votre projet ou vos produits professionnels.<\/p>\n<p>Qualit\u00e9 et coh\u00e9rence sans compromis&nbsp;:<\/p>\n<ul>\n<li>100 % certifi\u00e9 biologique : cultiv\u00e9 dans des fermes certifi\u00e9es biologiques utilisant des pratiques durables, notre vinaigre de riz adh\u00e8re aux normes de qualit\u00e9 et d&rsquo;int\u00e9grit\u00e9 les plus \u00e9lev\u00e9es.<\/li>\n<li>Brass\u00e9 de mani\u00e8re traditionnelle&nbsp;: chaque lot est soumis \u00e0 un processus de fermentation m\u00e9ticuleusement contr\u00f4l\u00e9, garantissant une saveur et une profondeur constantes et in\u00e9branlables sur lesquelles vous pouvez compter.<\/li>\n<li>Acidit\u00e9 \u00e9quilibr\u00e9e&nbsp;: Dot\u00e9 d&rsquo;un niveau d&rsquo;acidit\u00e9 pr\u00e9cis de 10&nbsp;%, notre vinaigre procure une saveur d\u00e9licate qui illumine sans dominer, compl\u00e9ter et am\u00e9liorer les autres ingr\u00e9dients.<\/li>\n<\/ul>\n<p>Polyvalence pour chaque toile culinaire&nbsp;:<\/p>\n<ul>\n<li>Inspiration culinaire&nbsp;: stimulez votre cr\u00e9ativit\u00e9 \u00e0 travers une multitude d&rsquo;applications. Notre vinaigre de riz brille dans les marinades, les gla\u00e7ages, les sauces, les salades, les trempettes et les touches finales, ajoutant une couche sophistiqu\u00e9e de complexit\u00e9 \u00e0 toutes les cuisines.<\/li>\n<li>Efficacit\u00e9 op\u00e9rationnelle : une bouteille polyvalente ouvre une multitude d&rsquo;utilisations, rationalisant vos op\u00e9rations de cuisine et maximisant la rentabilit\u00e9.<\/li>\n<li>Promesse Clean Label : Sans additifs artificiels, conservateurs et OGM, notre vinaigre de riz biologique s&rsquo;aligne sur votre engagement envers des ingr\u00e9dients purs et naturels.<\/li>\n<\/ul>\n<h2>Ingr\u00e9dients<\/h2>\n<p>Vinaigre de riz biologique. (Dilu\u00e9 avec de l&rsquo;eau jusqu&rsquo;\u00e0 10% d&rsquo;acidit\u00e9)<\/p>\n<h2>Allerg\u00e8nes<\/h2>\n<h2>Volume disponible :<\/h2>\n<p>55 gallons (208 l)<\/p>\n<div class=\"pop-button\">\n<p>Pour obtenir les informations les plus pr\u00e9cises sur les allerg\u00e8nes, la nutrition, les ingr\u00e9dients et d\u2019autres informations sur les produits, veuillez envoyer votre demande.<\/p>\n<\/div>\n<\/div>\n","protected":false},"featured_media":5006,"template":"","meta":{"_coblocks_attr":"","_coblocks_dimensions":"","_coblocks_responsive_height":"","_coblocks_accordion_ie_support":"","neve_meta_sidebar":"","neve_meta_container":"","neve_meta_enable_content_width":"off","neve_meta_content_width":70,"neve_meta_title_alignment":"","neve_meta_author_avatar":"","neve_post_elements_order":"","neve_meta_disable_header":"","neve_meta_disable_footer":"","neve_meta_disable_title":""},"product_brand":[],"product_cat":[64],"product_tag":[88,70,85,73,98],"class_list":{"0":"post-5039","1":"product","2":"type-product","3":"status-publish","4":"has-post-thumbnail","6":"product_cat-agroalimentaire","7":"product_tag-biologique","8":"product_tag-kasher","9":"product_tag-non-ogm","10":"product_tag-vegan-fr","11":"product_tag-vinaigre-fr","13":"first","14":"instock","15":"virtual","16":"product-type-simple"},"jetpack_sharing_enabled":true,"_links":{"self":[{"href":"https:\/\/wanjashan.com\/fr\/wp-json\/wp\/v2\/product\/5039","targetHints":{"allow":["GET"]}}],"collection":[{"href":"https:\/\/wanjashan.com\/fr\/wp-json\/wp\/v2\/product"}],"about":[{"href":"https:\/\/wanjashan.com\/fr\/wp-json\/wp\/v2\/types\/product"}],"wp:featuredmedia":[{"embeddable":true,"href":"https:\/\/wanjashan.com\/fr\/wp-json\/wp\/v2\/media\/5006"}],"wp:attachment":[{"href":"https:\/\/wanjashan.com\/fr\/wp-json\/wp\/v2\/media?parent=5039"}],"wp:term":[{"taxonomy":"product_brand","embeddable":true,"href":"https:\/\/wanjashan.com\/fr\/wp-json\/wp\/v2\/product_brand?post=5039"},{"taxonomy":"product_cat","embeddable":true,"href":"https:\/\/wanjashan.com\/fr\/wp-json\/wp\/v2\/product_cat?post=5039"},{"taxonomy":"product_tag","embeddable":true,"href":"https:\/\/wanjashan.com\/fr\/wp-json\/wp\/v2\/product_tag?post=5039"}],"curies":[{"name":"wp","href":"https:\/\/api.w.org\/{rel}","templated":true}]}}