{"id":5048,"date":"2024-01-04T15:46:04","date_gmt":"2024-01-04T20:46:04","guid":{"rendered":"https:\/\/wanjashan.com\/product\/mirin-vin-de-riz-sucre-3\/"},"modified":"2024-01-04T15:46:04","modified_gmt":"2024-01-04T20:46:04","slug":"mirin-vin-de-riz-sucre-3","status":"publish","type":"product","link":"https:\/\/wanjashan.com\/fr\/produit\/mirin-vin-de-riz-sucre-3\/","title":{"rendered":"Mirin \/ Vin de riz sucr\u00e9"},"content":{"rendered":"","protected":false},"excerpt":{"rendered":"<div class=\"short-description\">\n<p>Fabriqu\u00e9 avec des ingr\u00e9dients enti\u00e8rement naturels et sans conservateurs ni ar\u00f4mes artificiels, notre mirin est un choix sain et d\u00e9licieux pour tout cuisinier \u00e0 la maison. Que vous soyez un chef chevronn\u00e9 ou un d\u00e9butant en cuisine, le mirin est un ingr\u00e9dient essentiel qui fera passer votre cuisine au niveau sup\u00e9rieur. Essayez-le aujourd&rsquo;hui et d\u00e9couvrez la saveur \u00e9tonnante et la polyvalence de cet ancien condiment japonais !<\/p>\n<h2>Ingr\u00e9dients<\/h2>\n<p>Sucre, eau, alcool, sel, riz gluant.<\/p>\n<h2>Allerg\u00e8nes<\/h2>\n<h2>Volume disponible :<\/h2>\n<p>55 gallons (208 l)<\/p>\n<div class=\"pop-button\">\n<div class=\"Hint\">cliquez pour afficher les informations nutritionnelles compl\u00e8tes<\/div>\n[sg_popup id=\"2221\" event=\"click\"]Valeur Nutritive[\/sg_popup]\n<\/div>\n<p class=\"alert-info\">Veuillez consulter l&rsquo;\u00e9tiquette du produit pour les informations les plus pr\u00e9cises sur les allerg\u00e8nes, la nutrition et les ingr\u00e9dients.<\/p>\n<\/div>\n","protected":false},"featured_media":5002,"template":"","meta":{"_coblocks_attr":"","_coblocks_dimensions":"","_coblocks_responsive_height":"","_coblocks_accordion_ie_support":"","neve_meta_sidebar":"","neve_meta_container":"","neve_meta_enable_content_width":"off","neve_meta_content_width":100,"neve_meta_title_alignment":"","neve_meta_author_avatar":"","neve_post_elements_order":"","neve_meta_disable_header":"","neve_meta_disable_footer":"","neve_meta_disable_title":""},"product_brand":[],"product_cat":[64],"product_tag":[77,85,79,73],"class_list":{"0":"post-5048","1":"product","2":"type-product","3":"status-publish","4":"has-post-thumbnail","6":"product_cat-agroalimentaire","7":"product_tag-condiment-fr","8":"product_tag-non-ogm","9":"product_tag-sans-gluten","10":"product_tag-vegan-fr","12":"first","13":"instock","14":"shipping-taxable","15":"product-type-simple"},"jetpack_sharing_enabled":true,"_links":{"self":[{"href":"https:\/\/wanjashan.com\/fr\/wp-json\/wp\/v2\/product\/5048","targetHints":{"allow":["GET"]}}],"collection":[{"href":"https:\/\/wanjashan.com\/fr\/wp-json\/wp\/v2\/product"}],"about":[{"href":"https:\/\/wanjashan.com\/fr\/wp-json\/wp\/v2\/types\/product"}],"wp:featuredmedia":[{"embeddable":true,"href":"https:\/\/wanjashan.com\/fr\/wp-json\/wp\/v2\/media\/5002"}],"wp:attachment":[{"href":"https:\/\/wanjashan.com\/fr\/wp-json\/wp\/v2\/media?parent=5048"}],"wp:term":[{"taxonomy":"product_brand","embeddable":true,"href":"https:\/\/wanjashan.com\/fr\/wp-json\/wp\/v2\/product_brand?post=5048"},{"taxonomy":"product_cat","embeddable":true,"href":"https:\/\/wanjashan.com\/fr\/wp-json\/wp\/v2\/product_cat?post=5048"},{"taxonomy":"product_tag","embeddable":true,"href":"https:\/\/wanjashan.com\/fr\/wp-json\/wp\/v2\/product_tag?post=5048"}],"curies":[{"name":"wp","href":"https:\/\/api.w.org\/{rel}","templated":true}]}}