{"id":5146,"date":"2024-01-19T13:33:36","date_gmt":"2024-01-19T18:33:36","guid":{"rendered":"https:\/\/wanjashan.com\/product\/vinaigre-de-riz-3\/"},"modified":"2024-01-19T13:45:29","modified_gmt":"2024-01-19T18:45:29","slug":"vinaigre-de-riz-3","status":"publish","type":"product","link":"https:\/\/wanjashan.com\/fr\/produit\/vinaigre-de-riz-3\/","title":{"rendered":"Vinaigre de riz"},"content":{"rendered":"","protected":false},"excerpt":{"rendered":"<div class=\"short-description\">\n<p>Notre vinaigre de riz est fabriqu\u00e9 \u00e0 partir de riz de premi\u00e8re qualit\u00e9 s\u00e9lectionn\u00e9, garantissant que seuls les grains les plus fins sont utilis\u00e9s dans le processus de fermentation. Les m\u00e9thodes traditionnelles utilis\u00e9es dans sa production donnent un vinaigre propre, croquant et d&rsquo;une qualit\u00e9 exceptionnelle.<\/p>\n<p>Avec un taux d&rsquo;acidit\u00e9 de 4,5 %, notre vinaigre de riz offre l&rsquo;\u00e9quilibre parfait entre acidit\u00e9 et saveur moelleuse. Sa douce acidit\u00e9 lui permet de compl\u00e9ter une large gamme d&rsquo;ingr\u00e9dients et de plats sans dominer leurs saveurs naturelles.<\/p>\n<p>Notre vinaigre de riz conf\u00e8re une acidit\u00e9 l\u00e9g\u00e8re et nette \u00e0 une vari\u00e9t\u00e9 de cuisines, ce qui en fait un ingr\u00e9dient polyvalent pour les applications asiatiques et mondiales. Que vous pr\u00e9pariez des sushis, des saut\u00e9s, des vinaigrettes, des bols de riz ou des trempettes, notre vinaigre de riz ajoute une touche simple et piquante qui rehausse le profil gustatif global de vos plats.<\/p>\n<p>En tant que chef de restaurant, vous comprenez l\u2019importance d\u2019utiliser des ingr\u00e9dients de haute qualit\u00e9 pour cr\u00e9er des plats d\u2019exception. Notre vinaigre de riz premium, avec son riz premium s\u00e9lectionn\u00e9 et son processus de production traditionnel, est le choix parfait pour \u00e9lever vos cr\u00e9ations culinaires vers de nouveaux sommets. D\u00e9couvrez d\u00e8s aujourd&rsquo;hui la diff\u00e9rence que notre vinaigre de riz peut faire dans votre cuisine.<\/p>\n<h2>Ingr\u00e9dients<\/h2>\n<p>Vinaigre de riz. (Dilu\u00e9 avec de l&rsquo;eau jusqu&rsquo;\u00e0 4,5% d&rsquo;acidit\u00e9)<\/p>\n<h2>Allerg\u00e8nes<\/h2>\n<h2>Volume disponible :<\/h2>\n<p>1 gallon (3,7 l)<\/p>\n<div class=\"pop-button\">\n<div class=\"Hint\">cliquez pour afficher les informations nutritionnelles compl\u00e8tes<\/div>\n[sg_popup id=\"2520\" event=\"click\"]Valeur Nutritive[\/sg_popup]\n<\/div>\n<p class=\"alert-info\">Veuillez consulter l&rsquo;\u00e9tiquette du produit pour les informations les plus pr\u00e9cises sur les allerg\u00e8nes, la nutrition et les ingr\u00e9dients.<\/p>\n<\/div>\n","protected":false},"featured_media":5143,"template":"","meta":{"_coblocks_attr":"","_coblocks_dimensions":"","_coblocks_responsive_height":"","_coblocks_accordion_ie_support":"","neve_meta_sidebar":"","neve_meta_container":"","neve_meta_enable_content_width":"off","neve_meta_content_width":100,"neve_meta_title_alignment":"","neve_meta_author_avatar":"","neve_post_elements_order":"","neve_meta_disable_header":"","neve_meta_disable_footer":"","neve_meta_disable_title":""},"product_brand":[],"product_cat":[61],"product_tag":[70,85,79,73,98],"class_list":{"0":"post-5146","1":"product","2":"type-product","3":"status-publish","4":"has-post-thumbnail","6":"product_cat-restauration","7":"product_tag-kasher","8":"product_tag-non-ogm","9":"product_tag-sans-gluten","10":"product_tag-vegan-fr","11":"product_tag-vinaigre-fr","13":"first","14":"instock","15":"shipping-taxable","16":"product-type-simple"},"jetpack_sharing_enabled":true,"_links":{"self":[{"href":"https:\/\/wanjashan.com\/fr\/wp-json\/wp\/v2\/product\/5146","targetHints":{"allow":["GET"]}}],"collection":[{"href":"https:\/\/wanjashan.com\/fr\/wp-json\/wp\/v2\/product"}],"about":[{"href":"https:\/\/wanjashan.com\/fr\/wp-json\/wp\/v2\/types\/product"}],"wp:featuredmedia":[{"embeddable":true,"href":"https:\/\/wanjashan.com\/fr\/wp-json\/wp\/v2\/media\/5143"}],"wp:attachment":[{"href":"https:\/\/wanjashan.com\/fr\/wp-json\/wp\/v2\/media?parent=5146"}],"wp:term":[{"taxonomy":"product_brand","embeddable":true,"href":"https:\/\/wanjashan.com\/fr\/wp-json\/wp\/v2\/product_brand?post=5146"},{"taxonomy":"product_cat","embeddable":true,"href":"https:\/\/wanjashan.com\/fr\/wp-json\/wp\/v2\/product_cat?post=5146"},{"taxonomy":"product_tag","embeddable":true,"href":"https:\/\/wanjashan.com\/fr\/wp-json\/wp\/v2\/product_tag?post=5146"}],"curies":[{"name":"wp","href":"https:\/\/api.w.org\/{rel}","templated":true}]}}